{"id":12337,"date":"2018-08-24T01:25:26","date_gmt":"2018-08-24T01:25:26","guid":{"rendered":"https:\/\/villa-verde.eu\/kontakt\/"},"modified":"2022-03-03T09:04:04","modified_gmt":"2022-03-03T09:04:04","slug":"kontakt","status":"publish","type":"page","link":"https:\/\/villa-verde.eu\/sv\/kontakt\/","title":{"rendered":"Kontakt"},"content":{"rendered":"<p>[vc_row disable_element=&#8221;yes&#8221;][vc_column width=&#8221;1\/2&#8243; el_class=&#8221;contact-text&#8221; offset=&#8221;vc_col-lg-3 vc_col-md-3&#8243;][vc_column_text]<\/p>\n<h3>Contact Us<\/h3>\n<p>[\/vc_column_text][vc_column_text]<\/p>\n<ul>\n<li><i class=\"fa fa-home\" aria-hidden=\"true\">icon<\/i><br \/>\n<h4>Address<\/h4>\n<p>123 Main Street, Anytown, CA 12345 &#8211; USA<\/li>\n<li><i class=\"fa fa-envelope-open-o\" aria-hidden=\"true\">icon<\/i><br \/>\n<h4>Phone<\/h4>\n<p>Mobile: (08) 123 456 789<br \/>\nHotline: 1009 678 456<\/li>\n<li><i class=\"fa fa-phone\" aria-hidden=\"true\">icon<\/i><br \/>\n<h4>Email<\/h4>\n<p>yourmail@domain.com<br \/>\nsupport@roadthemes.com<\/li>\n<\/ul>\n<p>[\/vc_column_text][\/vc_column][vc_column width=&#8221;1\/2&#8243; el_class=&#8221;contact-form&#8221; offset=&#8221;vc_col-lg-8 vc_col-md-8&#8243;][\/vc_column][\/vc_row][vc_row full_width=&#8221;stretch_row_content_no_spaces&#8221;][vc_column][vc_gmaps link=&#8221;#E-8_JTNDaWZyYW1lJTIwc3JjJTNEJTIyaHR0cHMlM0ElMkYlMkZ3d3cuZ29vZ2xlLmNvbSUyRm1hcHMlMkZlbWJlZCUzRnBiJTNEJTIxMW0xNCUyMTFtOCUyMTFtMyUyMTFkMTAyMjkuNjgxNTAwMDIxNzkyJTIxMmQyMC44OTg4MDg4JTIxM2Q1MC4xMzQ1NjczJTIxM20yJTIxMWkxMDI0JTIxMmk3NjglMjE0ZjEzLjElMjEzbTMlMjExbTIlMjExczB4MCUyNTNBMHg1MGNiYzg0YTBkYWZhYjY0JTIxMnNWaWxsYSUyNTIwVmVyZGUlMjUyMFNwLiUyNTIweiUyNTIwby5vLiUyMTVlMCUyMTNtMiUyMTFzcGwlMjEyc3BsJTIxNHYxNjE1ODQwNjg5ODI4JTIxNW0yJTIxMXNwbCUyMTJzcGwlMjIlMjB3aWR0aCUzRCUyMjYwMCUyMiUyMGhlaWdodCUzRCUyMjQ1MCUyMiUyMHN0eWxlJTNEJTIyYm9yZGVyJTNBMCUzQiUyMiUyMGFsbG93ZnVsbHNjcmVlbiUzRCUyMiUyMiUyMGxvYWRpbmclM0QlMjJsYXp5JTIyJTNFJTNDJTJGaWZyYW1lJTNF&#8221;][\/vc_column][\/vc_row][vc_row][vc_column width=&#8221;1\/2&#8243;][vc_column_text]<\/p>\n<p align=\"left\"><strong><span style=\"font-family: Calibri, serif; font-size: 18px;\">Kontakt detaljer<\/span><\/strong><\/p>\n<p>[\/vc_column_text][vc_row_inner][vc_column_inner width=&#8221;1\/2&#8243;][vc_column_text]<\/p>\n<div class=\"contact-box \">\n<p align=\"left\"><span style=\"font-size: 18px;\"><strong><span style=\"font-family: Calibri, serif;\">Nationell f\u00f6rs\u00e4ljningsavdelning<\/span><\/strong><\/span><\/p>\n<p align=\"left\">Micha\u0142 W\u00f3jcik<\/p>\n<p align=\"left\">F\u00f6rs\u00e4ljningschef<\/p>\n<p><a href=\"tel:+48664941928\">+48 664 941 928<\/a><br \/>\n<a href=\"mailto:michal.wojcik@villa-verde.eu\">michal.wojcik@villa-verde.e<\/a><\/p>\n<\/div>\n<p><!--more--><\/p>\n<p><!--more-->[\/vc_column_text][vc_separator][vc_column_text]<\/p>\n<div class=\"contact-box \">\n<p lang=\"en-GB\" align=\"left\"><strong><span style=\"font-family: Calibri, serif; font-size: 18px;\">Utlands f\u00f6rs\u00e4ljningsavdelning<\/span><\/strong><\/p>\n<p lang=\"nb-NO\" align=\"left\">Boris Ramb<br \/>\nInternational Sales Manager<br \/>\n<a href=\"tel:+49266294979110\">+49 266 294 979 110<\/a><br \/>\n<a href=\"mailto:boris.ramb@villa-verde.eu\">boris.ramb@villa-verde.eu<\/a><\/p>\n<\/div>\n<p>[\/vc_column_text][vc_separator][vc_column_text]<\/p>\n<div class=\"contact-box \">\n<p align=\"left\"><span style=\"font-size: 18px;\"><strong><span style=\"font-family: Calibri, serif;\">Logistikavdelning<\/span><\/strong><\/span><\/p>\n<p>Magdalena Hellmann<br \/>\n<span style=\"font-family: Calibri, serif;\"><span style=\"font-size: medium;\">Logistikchef<\/span><\/span><\/p>\n<p><a href=\"tel:+48664941927\">+48 664 941 927<\/a><br \/>\n<a href=\"mailto:magdalena.hellmann@villa-verde.eu\">magdalena.hellmann@villa-verde.eu<\/a><\/p>\n<\/div>\n<p>[\/vc_column_text][vc_separator][vc_column_text]<\/p>\n<div class=\"contact-box \">\n<p lang=\"sv-SE\" align=\"left\"><strong><span style=\"font-family: Calibri, serif; font-size: 18px;\">Ekonomiavdelningen<\/span><\/strong><\/p>\n<p lang=\"nb-NO\" align=\"left\">Bernadeta Mordyl<br \/>\n<span style=\"font-family: Calibri, serif;\"><span style=\"font-size: medium;\">Kamrer-Revisor<\/span><\/span><\/p>\n<p lang=\"nb-NO\" align=\"left\"><a href=\"tel:+48146460605\">+48 14 646 06 05<\/a><br \/>\n<a href=\"mailto:bernadeta.mordyl@villa-verde.eu\">bernadeta.mordyl@villa-verde.eu<\/a><\/p>\n<\/div>\n<p>[\/vc_column_text][\/vc_column_inner][vc_column_inner width=&#8221;1\/2&#8243;][vc_column_text]<\/p>\n<div class=\"contact-box \">\n<p lang=\"sv-SE\" align=\"left\"><span style=\"font-size: 18px;\"><strong><span style=\"font-family: Calibri, serif;\">Onlinebutiks supportavdelning<\/span><\/strong><\/span><\/p>\n<p>Joanna Czosnyka-Czerwi\u0144ska<br \/>\nS<span style=\"font-family: Calibri, serif;\"><span style=\"font-size: medium;\">enior s\u00e4ljspecialist<\/span><\/span><\/p>\n<p><a href=\"tel:+48146460739\">+48 14 646 07 39<\/a><br \/>\n<a href=\"mailto:joanna.czosnyka@villa-verde.eu\">joanna.czosnyka@villa-verde.eu<\/a><\/p>\n<\/div>\n<p>[\/vc_column_text][vc_separator][vc_column_text]<\/p>\n<div class=\"contact-box \">\n<p lang=\"sv-SE\" align=\"left\"><span style=\"font-size: 18px;\"><strong><span style=\"font-family: Calibri, serif;\">HR Avdelning<\/span><\/strong><\/span><\/p>\n<p>Marzanna Jakubas<br \/>\n<span style=\"font-family: Calibri, serif;\"><span style=\"font-size: medium;\">Chef f\u00f6r HR och l\u00f6ner<\/span><\/span><\/p>\n<p><a href=\"tel:+48146460608\">+48 14 646 06 08<\/a><br \/>\n<a href=\"mailto:marzanna.jakubas@villa-verde.eu\">marzanna.jakubas@villa-verde.eu<\/a><\/p>\n<\/div>\n<p>[\/vc_column_text][vc_separator][vc_column_text]<\/p>\n<div class=\"contact-box \">\n<p lang=\"sv-SE\" align=\"left\"><span style=\"font-size: 18px;\"><strong><span style=\"font-family: Calibri, serif;\">Ink\u00f6psavdelning<\/span><\/strong><\/span><\/p>\n<p>Sylwia Czosnyka-K\u0142usek<br \/>\n<span style=\"font-family: Calibri, serif;\"><span style=\"font-size: medium;\">Ink\u00f6pschef<\/span><\/span><\/p>\n<p><a href=\"tel:+48660436297\">+48 660 436 297<\/a><br \/>\n<a href=\"mailto:sylwia.czosnyka@villa-verde.eu\">sylwia.czosnyka@villa-verde.eu<\/a><\/p>\n<\/div>\n<p>[\/vc_column_text][\/vc_column_inner][\/vc_row_inner][\/vc_column][vc_column width=&#8221;1\/2&#8243;][vc_column_text]<span style=\"font-size: 18px;\"><strong>Kontaktformul\u00e4r<\/strong><\/span>[\/vc_column_text]<div role=\"form\" class=\"wpcf7\" id=\"wpcf7-f12541-o1\" lang=\"en-US\" dir=\"ltr\">\n<div class=\"screen-reader-response\"><p role=\"status\" aria-live=\"polite\" aria-atomic=\"true\"><\/p> <ul><\/ul><\/div>\n<form action=\"\/sv\/wp-json\/wp\/v2\/pages\/12337#wpcf7-f12541-o1\" method=\"post\" class=\"wpcf7-form init\" novalidate=\"novalidate\" data-status=\"init\">\n<div style=\"display: none;\">\n<input type=\"hidden\" name=\"_wpcf7\" value=\"12541\" \/>\n<input type=\"hidden\" name=\"_wpcf7_version\" value=\"5.4.1\" \/>\n<input type=\"hidden\" name=\"_wpcf7_locale\" value=\"en_US\" \/>\n<input type=\"hidden\" name=\"_wpcf7_unit_tag\" value=\"wpcf7-f12541-o1\" \/>\n<input type=\"hidden\" name=\"_wpcf7_container_post\" value=\"0\" \/>\n<input type=\"hidden\" name=\"_wpcf7_posted_data_hash\" value=\"\" \/>\n<input type=\"hidden\" name=\"_wpcf7_recaptcha_response\" value=\"\" \/>\n<\/div>\n<p><label> F\u00f6rnamn och Efternamn    <span class=\"wpcf7-form-control-wrap your-name\"><input type=\"text\" name=\"your-name\" value=\"\" size=\"40\" class=\"wpcf7-form-control wpcf7-text wpcf7-validates-as-required\" aria-required=\"true\" aria-invalid=\"false\" \/><\/span> <\/label><\/p>\n<p><label> E-mail<br \/>\n    <span class=\"wpcf7-form-control-wrap your-email\"><input type=\"email\" name=\"your-email\" value=\"\" size=\"40\" class=\"wpcf7-form-control wpcf7-text wpcf7-email wpcf7-validates-as-required wpcf7-validates-as-email\" aria-required=\"true\" aria-invalid=\"false\" \/><\/span> <\/label><\/p>\n<p><label> \u00c4mne<br \/>\n    <span class=\"wpcf7-form-control-wrap your-subject\"><input type=\"text\" name=\"your-subject\" value=\"\" size=\"40\" class=\"wpcf7-form-control wpcf7-text\" aria-invalid=\"false\" \/><\/span> <\/label><\/p>\n<p><label> Meddelande<br \/>\n    <span class=\"wpcf7-form-control-wrap your-message\"><textarea name=\"your-message\" cols=\"40\" rows=\"10\" class=\"wpcf7-form-control wpcf7-textarea\" aria-invalid=\"false\"><\/textarea><\/span> <\/label><\/p>\n<span class=\"wpcf7-form-control-wrap recaptcha\"><span data-sitekey=\"6LduiNgaAAAAAHpxN1yYgWlEYkRiDwT24f7O6uap\" class=\"wpcf7-form-control g-recaptcha wpcf7-recaptcha\"><\/span>\r\n<noscript>\r\n\t<div class=\"grecaptcha-noscript\">\r\n\t\t<iframe src=\"https:\/\/www.google.com\/recaptcha\/api\/fallback?k=6LduiNgaAAAAAHpxN1yYgWlEYkRiDwT24f7O6uap\" frameborder=\"0\" scrolling=\"no\" width=\"310\" height=\"430\">\r\n\t\t<\/iframe>\r\n\t\t<textarea name=\"g-recaptcha-response\" rows=\"3\" cols=\"40\" placeholder=\"reCaptcha-svar h\u00e4r\">\r\n\t\t<\/textarea>\r\n\t<\/div>\r\n<\/noscript>\r\n<\/span>\n<p><input type=\"submit\" value=\"Skicka\" class=\"wpcf7-form-control wpcf7-submit\" \/><\/p>\n<div class=\"wpcf7-response-output\" aria-hidden=\"true\"><\/div><\/form><\/div>[\/vc_column][\/vc_row]<\/p>\n","protected":false},"excerpt":{"rendered":"<p>[vc_row disable_element=&#8221;yes&#8221;][vc_column width=&#8221;1\/2&#8243; el_class=&#8221;contact-text&#8221; offset=&#8221;vc_col-lg-3 vc_col-md-3&#8243;][vc_column_text] Contact Us [\/vc_column_text][vc_column_text] icon Address 123 Main Street, Anytown, CA 12345 &#8211; USA icon Phone Mobile: (08) 123 456 789 Hotline: 1009 678 456 icon Email yourmail@domain.com support@roadthemes.com [\/vc_column_text][\/vc_column][vc_column width=&#8221;1\/2&#8243; el_class=&#8221;contact-form&#8221; offset=&#8221;vc_col-lg-8 vc_col-md-8&#8243;][\/vc_column][\/vc_row][vc_row full_width=&#8221;stretch_row_content_no_spaces&#8221;][vc_column][vc_gmaps link=&#8221;#E-8_JTNDaWZyYW1lJTIwc3JjJTNEJTIyaHR0cHMlM0ElMkYlMkZ3d3cuZ29vZ2xlLmNvbSUyRm1hcHMlMkZlbWJlZCUzRnBiJTNEJTIxMW0xNCUyMTFtOCUyMTFtMyUyMTFkMTAyMjkuNjgxNTAwMDIxNzkyJTIxMmQyMC44OTg4MDg4JTIxM2Q1MC4xMzQ1NjczJTIxM20yJTIxMWkxMDI0JTIxMmk3NjglMjE0ZjEzLjElMjEzbTMlMjExbTIlMjExczB4MCUyNTNBMHg1MGNiYzg0YTBkYWZhYjY0JTIxMnNWaWxsYSUyNTIwVmVyZGUlMjUyMFNwLiUyNTIweiUyNTIwby5vLiUyMTVlMCUyMTNtMiUyMTFzcGwlMjEyc3BsJTIxNHYxNjE1ODQwNjg5ODI4JTIxNW0yJTIxMXNwbCUyMTJzcGwlMjIlMjB3aWR0aCUzRCUyMjYwMCUyMiUyMGhlaWdodCUzRCUyMjQ1MCUyMiUyMHN0eWxlJTNEJTIyYm9yZGVyJTNBMCUzQiUyMiUyMGFsbG93ZnVsbHNjcmVlbiUzRCUyMiUyMiUyMGxvYWRpbmclM0QlMjJsYXp5JTIyJTNFJTNDJTJGaWZyYW1lJTNF&#8221;][\/vc_column][\/vc_row][vc_row][vc_column width=&#8221;1\/2&#8243;][vc_column_text] Kontakt detaljer [\/vc_column_text][vc_row_inner][vc_column_inner width=&#8221;1\/2&#8243;][vc_column_text] Nationell f\u00f6rs\u00e4ljningsavdelning Micha\u0142 W\u00f3jcik<\/p>\n","protected":false},"author":1,"featured_media":0,"parent":0,"menu_order":0,"comment_status":"closed","ping_status":"closed","template":"page-templates\/contact-page.php","meta":[],"_links":{"self":[{"href":"https:\/\/villa-verde.eu\/sv\/wp-json\/wp\/v2\/pages\/12337"}],"collection":[{"href":"https:\/\/villa-verde.eu\/sv\/wp-json\/wp\/v2\/pages"}],"about":[{"href":"https:\/\/villa-verde.eu\/sv\/wp-json\/wp\/v2\/types\/page"}],"author":[{"embeddable":true,"href":"https:\/\/villa-verde.eu\/sv\/wp-json\/wp\/v2\/users\/1"}],"replies":[{"embeddable":true,"href":"https:\/\/villa-verde.eu\/sv\/wp-json\/wp\/v2\/comments?post=12337"}],"version-history":[{"count":2,"href":"https:\/\/villa-verde.eu\/sv\/wp-json\/wp\/v2\/pages\/12337\/revisions"}],"predecessor-version":[{"id":12543,"href":"https:\/\/villa-verde.eu\/sv\/wp-json\/wp\/v2\/pages\/12337\/revisions\/12543"}],"wp:attachment":[{"href":"https:\/\/villa-verde.eu\/sv\/wp-json\/wp\/v2\/media?parent=12337"}],"curies":[{"name":"wp","href":"https:\/\/api.w.org\/{rel}","templated":true}]}}