{"id":12161,"date":"2018-08-24T01:24:09","date_gmt":"2018-08-24T01:24:09","guid":{"rendered":"https:\/\/villa-verde.eu\/o-nas\/"},"modified":"2022-03-02T10:37:22","modified_gmt":"2022-03-02T10:37:22","slug":"om-oss","status":"publish","type":"page","link":"https:\/\/villa-verde.eu\/no\/om-oss\/","title":{"rendered":"Om oss"},"content":{"rendered":"<p>[vc_row full_width=&#8221;stretch_row&#8221; css=&#8221;.vc_custom_1612383840479{background-color: #f3f3f3 !important;}&#8221;][vc_column][vc_empty_space][vc_row_inner el_class=&#8221;about-policy fix-bottom-space&#8221;][vc_column_inner width=&#8221;1\/3&#8243;][vc_single_image image=&#8221;1672&#8243; img_size=&#8221;full&#8221; alignment=&#8221;center&#8221;][vc_column_text]<\/p>\n<p lang=\"nb-NO\" style=\"text-align: center;\" align=\"left\"><span style=\"font-family: Calibri, serif;\"><span style=\"font-size: medium;\">Millioner av stearinlys produsert daglig.<\/span><\/span><\/p>\n<p>[\/vc_column_text][\/vc_column_inner][vc_column_inner width=&#8221;1\/3&#8243;][vc_single_image image=&#8221;1673&#8243; img_size=&#8221;full&#8221; alignment=&#8221;center&#8221;][vc_column_text]<\/p>\n<p lang=\"nb-NO\" style=\"text-align: center;\" align=\"left\"><span style=\"font-family: Calibri, serif;\"><span style=\"font-size: medium;\">Etablert i <strong>1999<\/strong><\/span><\/span><\/p>\n<p>[\/vc_column_text][\/vc_column_inner][vc_column_inner width=&#8221;1\/3&#8243;][vc_single_image image=&#8221;1674&#8243; img_size=&#8221;full&#8221; alignment=&#8221;center&#8221;][vc_column_text]<\/p>\n<p style=\"text-align: center;\"><span style=\"font-size: 16px;\"><strong>120<\/strong><br \/>\n<\/span><span style=\"font-size: 16px;\"><span style=\"font-family: Calibri, serif; font-size: medium;\">ansatte<\/span><\/span><\/p>\n<p>[\/vc_column_text][\/vc_column_inner][\/vc_row_inner][vc_separator color=&#8221;violet&#8221; border_width=&#8221;2&#8243;][vc_row_inner el_class=&#8221;about-policy fix-bottom-space&#8221;][vc_column_inner width=&#8221;1\/3&#8243;][vc_single_image image=&#8221;1675&#8243; img_size=&#8221;full&#8221; alignment=&#8221;center&#8221;][vc_column_text]<\/p>\n<p lang=\"nb-NO\" style=\"text-align: center;\" align=\"left\"><span style=\"font-family: Calibri, serif;\"><span style=\"font-size: medium;\"><strong>3 <\/strong>salgskontor<\/span><\/span><\/p>\n<p>[\/vc_column_text][\/vc_column_inner][vc_column_inner width=&#8221;1\/3&#8243;][vc_single_image image=&#8221;1676&#8243; img_size=&#8221;full&#8221; alignment=&#8221;center&#8221;][vc_column_text]<\/p>\n<p lang=\"nb-NO\" style=\"text-align: center;\" align=\"left\"><span style=\"font-family: Calibri, serif;\"><span style=\"font-size: medium;\">Fleksibel produksjon og salg<\/span><\/span><\/p>\n<p>[\/vc_column_text][\/vc_column_inner][vc_column_inner width=&#8221;1\/3&#8243;][vc_single_image image=&#8221;1677&#8243; img_size=&#8221;full&#8221; alignment=&#8221;center&#8221;][vc_column_text]<\/p>\n<p lang=\"nb-NO\" style=\"text-align: center;\" align=\"left\"><span style=\"font-family: Calibri, serif;\"><span style=\"font-size: medium;\">Omfattende service og<\/span><\/span><span style=\"font-family: Calibri, serif;\"><span style=\"font-size: medium;\"> et kvalifisert team.<\/span><\/span><\/p>\n<p>[\/vc_column_text][\/vc_column_inner][\/vc_row_inner][\/vc_column][\/vc_row][vc_row full_width=&#8221;stretch_row&#8221; full_height=&#8221;yes&#8221; el_class=&#8221;about-introduce&#8221;][vc_column][vc_single_image image=&#8221;1986&#8243; img_size=&#8221;450&#215;50&#8243; alignment=&#8221;center&#8221;][vc_single_image image=&#8221;2305&#8243; img_size=&#8221;full&#8221; alignment=&#8221;center&#8221;][vc_separator style=&#8221;shadow&#8221;][vc_column_text css_animation=&#8221;none&#8221;]<\/p>\n<blockquote>\n<p style=\"text-align: center;\"><span style=\"font-family: verdana, geneva, sans-serif;\"><em><span style=\"font-size: 24px;\"><span style=\"color: #808080;\">&#8220;<\/span>Lykke er den eneste tingen <\/span><\/em><\/span><span style=\"font-family: verdana, geneva, sans-serif;\"><em><span style=\"font-size: 24px;\">som <\/span><\/em><\/span><\/p>\n<p style=\"text-align: center;\"><span style=\"font-family: verdana, geneva, sans-serif;\"><em><span style=\"font-size: 24px;\">dobler seg hvis man deler den.<span style=\"color: #808080;\">\u201d\u00a0\u00a0<\/span><\/span><\/em><\/span><\/p>\n<\/blockquote>\n<p>[\/vc_column_text][vc_single_image image=&#8221;1988&#8243; img_size=&#8221;130&#215;75&#8243; alignment=&#8221;center&#8221; css_animation=&#8221;flipInX&#8221;][vc_column_text]<\/p>\n<p lang=\"nb-NO\" align=\"left\"><span style=\"font-family: 'times new roman', times, serif; font-size: 24px;\">Vi er aktive i interi\u00f8r og dekorasjon bransjen siden 1999. Vi er en av de ledende produsentene av stearinlys p\u00e5 det europeiske markedet. <\/span><\/p>\n<p lang=\"nb-NO\" align=\"left\"><span style=\"font-family: 'times new roman', times, serif; font-size: 24px;\">Vi overv\u00e5ker hele produksjonsprosessen og s\u00f8rger for at hvert produkt kjennetegnes av h\u00f8y kvalitet p\u00e5 utf\u00f8relsen og oppfyller forventingene til kundene hver gang. <\/span><\/p>\n<p lang=\"nb-NO\" align=\"left\"><span style=\"font-family: 'times new roman', times, serif; font-size: 24px;\">V\u00e5re stearinlys n\u00e5r ut til millioner av kunder over hele Europa. Som en bevisst produsent av stearinlys kan vi vise til en rekke av kvalitetssikrende sertifikater. Vi jobber ogs\u00e5 med reduksjon av karbondioksidutslipp og bruk av alternative energikilder. <\/span><\/p>\n<p>[\/vc_column_text][\/vc_column][\/vc_row][vc_row disable_element=&#8221;yes&#8221;][vc_column offset=&#8221;vc_col-lg-6 vc_col-md-6&#8243;][vc_column_text]<\/p>\n<h3>What can we do for you ?<\/h3>\n<p>[\/vc_column_text][vc_tta_accordion][vc_tta_section title=&#8221;Nam liber tempor cum soluta nobis ?&#8221; tab_id=&#8221;1545810888087-23963840-6782&#8243;][vc_column_text]Adipiscing lacus ut elementum, nec duis, tempor litora turpis dapibus. Imperdiet cursus odio tortor in elementum. Egestas nunc eleifend feugiat lectus laoreet, vel nunc taciti integer cras. Hac pede dis, praesent nibh ac dui mauris sit. A nullam ut, tempus nulla. Rutrum orci sit commodo vivamus quam adipiscing, ullamcorper magna donec integer eget mauris quisque.[\/vc_column_text][\/vc_tta_section][vc_tta_section title=&#8221;Typi non habent claritatem insitam est usus legentis ?&#8221; tab_id=&#8221;1545810920316-61b1c2cf-0f7f&#8221;][vc_column_text]Adipiscing lacus ut elementum, nec duis, tempor litora turpis dapibus. Imperdiet cursus odio tortor in elementum. Egestas nunc eleifend feugiat lectus laoreet, vel nunc taciti integer cras. Hac pede dis, praesent nibh ac dui mauris sit. A nullam ut, tempus nulla. Rutrum orci sit commodo vivamus quam adipiscing, ullamcorper magna donec integer eget mauris quisque.[\/vc_column_text][\/vc_tta_section][vc_tta_section title=&#8221;Vitae ultricies gravida id justo consequat enim ?&#8221; tab_id=&#8221;1545810918920-c5ed5756-a65d&#8221;][vc_column_text]Adipiscing lacus ut elementum, nec duis, tempor litora turpis dapibus. Imperdiet cursus odio tortor in elementum. Egestas nunc eleifend feugiat lectus laoreet, vel nunc taciti integer cras. Hac pede dis, praesent nibh ac dui mauris sit. A nullam ut, tempus nulla. Rutrum orci sit commodo vivamus quam adipiscing, ullamcorper magna donec integer eget mauris quisque.[\/vc_column_text][\/vc_tta_section][vc_tta_section title=&#8221;Etiam ut ex ut tellus imperdiet interdum sit amet id orci.&#8221; tab_id=&#8221;1548990736230-808750df-4055&#8243;][vc_column_text]Adipiscing lacus ut elementum, nec duis, tempor litora turpis dapibus. Imperdiet cursus odio tortor in elementum. Egestas nunc eleifend feugiat lectus laoreet, vel nunc taciti integer cras. Hac pede dis, praesent nibh ac dui mauris sit. A nullam ut, tempus nulla. Rutrum orci sit commodo vivamus quam adipiscing, ullamcorper magna donec integer eget mauris quisque.[\/vc_column_text][\/vc_tta_section][vc_tta_section title=&#8221;Nam sapien sapien, lobortis vestibulum metus ac&#8221; tab_id=&#8221;1548990735182-6fb1d793-1bfc&#8221;][vc_column_text]Adipiscing lacus ut elementum, nec duis, tempor litora turpis dapibus. Imperdiet cursus odio tortor in elementum. Egestas nunc eleifend feugiat lectus laoreet, vel nunc taciti integer cras. Hac pede dis, praesent nibh ac dui mauris sit. A nullam ut, tempus nulla. Rutrum orci sit commodo vivamus quam adipiscing, ullamcorper magna donec integer eget mauris quisque.[\/vc_column_text][\/vc_tta_section][\/vc_tta_accordion][\/vc_column][vc_column offset=&#8221;vc_col-lg-6 vc_col-md-6&#8243; el_class=&#8221;about-testimonial&#8221;][vc_column_text]<\/p>\n<h3>What Our Customers Says ?<\/h3>\n<p>[\/vc_column_text][vc_row_inner css=&#8221;.vc_custom_1532501052060{margin-bottom: 0px !important;}&#8221;][vc_column_inner]<div class=\"testimonials-wrapper navigation-style2 style1\" data-navigation=0 data-pagination=1 data-speed=500 data-loop=0 data-auto=0>\t\t<div class=\"widget widget_woothemes_testimonials\">\n<div class=\"testimonials component effect-fade\">\n<div class=\"testimonials-list\">\n<div id=\"quote-308\" class=\"quote first\" itemprop=\"review\" itemscope itemtype=\"http:\/\/schema.org\/Review\"><blockquote class=\"testimonials-text\" itemprop=\"reviewBody\"><p>\t\t\t\tThese guys have been absolutely outstanding. Perfect Themes and the best of all that you have many options to choose! Best Support team ever! Very fast responding! Thank you very much! I highly recommend this theme and these people!\t\t<\/p>\n<\/blockquote><a href=\"http:\/\/roadthemes.com\/\" class=\"avatar-link\"><img width=\"150\" height=\"150\" src=\"https:\/\/villa-verde.eu\/wp-content\/uploads\/2018\/04\/testimonial3-150x150.jpg\" class=\"avatar wp-post-image\" alt=\"\" loading=\"lazy\" srcset=\"https:\/\/villa-verde.eu\/wp-content\/uploads\/2018\/04\/testimonial3-150x150.jpg 150w, https:\/\/villa-verde.eu\/wp-content\/uploads\/2018\/04\/testimonial3-300x300.jpg 300w, https:\/\/villa-verde.eu\/wp-content\/uploads\/2018\/04\/testimonial3.jpg 400w\" sizes=\"(max-width: 150px) 100vw, 150px\" \/><\/a> <cite class=\"author\" itemprop=\"author\" itemscope itemtype=\"http:\/\/schema.org\/Person\"><span itemprop=\"name\">John Sullivan<\/span> <span class=\"title\" itemprop=\"jobTitle\">Customer<\/span><!--\/.title-->\n<\/cite><!--\/.author-->\n<\/div><div id=\"quote-309\" class=\"quote\" itemprop=\"review\" itemscope itemtype=\"http:\/\/schema.org\/Review\"><blockquote class=\"testimonials-text\" itemprop=\"reviewBody\"><p>\t\t\t\tCode, template and others are very good. The support has served me immediately and solved my problems when I need help. Are to be congratulated.\t\t<\/p>\n<\/blockquote><img width=\"150\" height=\"150\" src=\"https:\/\/villa-verde.eu\/wp-content\/uploads\/2018\/04\/testimonial2-150x150.jpg\" class=\"avatar wp-post-image\" alt=\"\" loading=\"lazy\" srcset=\"https:\/\/villa-verde.eu\/wp-content\/uploads\/2018\/04\/testimonial2-150x150.jpg 150w, https:\/\/villa-verde.eu\/wp-content\/uploads\/2018\/04\/testimonial2-300x300.jpg 300w, https:\/\/villa-verde.eu\/wp-content\/uploads\/2018\/04\/testimonial2.jpg 400w\" sizes=\"(max-width: 150px) 100vw, 150px\" \/> <cite class=\"author\" itemprop=\"author\" itemscope itemtype=\"http:\/\/schema.org\/Person\"><span itemprop=\"name\">Jenifer Brown<\/span> <span class=\"title\" itemprop=\"jobTitle\">Manager of AZ<\/span><!--\/.title-->\n<\/cite><!--\/.author-->\n<\/div><div id=\"quote-1169\" class=\"quote last\" itemprop=\"review\" itemscope itemtype=\"http:\/\/schema.org\/Review\"><blockquote class=\"testimonials-text\" itemprop=\"reviewBody\"><p>\t\t\t\tSupport and response has been amazing, helping me with several issues I came across and got them solved almost the same day. A pleasure to work with them!\t\t<\/p>\n<\/blockquote><a href=\"http:\/\/roadthemes.com\/\" class=\"avatar-link\"><img width=\"150\" height=\"150\" src=\"https:\/\/villa-verde.eu\/wp-content\/uploads\/2018\/04\/testimonial1-150x150.jpg\" class=\"avatar wp-post-image\" alt=\"\" loading=\"lazy\" srcset=\"https:\/\/villa-verde.eu\/wp-content\/uploads\/2018\/04\/testimonial1-150x150.jpg 150w, https:\/\/villa-verde.eu\/wp-content\/uploads\/2018\/04\/testimonial1-300x300.jpg 300w\" sizes=\"(max-width: 150px) 100vw, 150px\" \/><\/a> <cite class=\"author\" itemprop=\"author\" itemscope itemtype=\"http:\/\/schema.org\/Person\"><span itemprop=\"name\">Kathy Young<\/span> <span class=\"title\" itemprop=\"jobTitle\">CEO of SunPark<\/span><!--\/.title-->\n<\/cite><!--\/.author-->\n<\/div><\/div><!--\/.testimonials-list-->\n<div class=\"fix\"><\/div>\n<\/div><!--\/.testimonials-->\n<\/div>\n\t\r\n\t<\/div>[\/vc_column_inner][\/vc_row_inner][\/vc_column][\/vc_row]<\/p>\n","protected":false},"excerpt":{"rendered":"<p>[vc_row full_width=&#8221;stretch_row&#8221; css=&#8221;.vc_custom_1612383840479{background-color: #f3f3f3 !important;}&#8221;][vc_column][vc_empty_space][vc_row_inner el_class=&#8221;about-policy fix-bottom-space&#8221;][vc_column_inner width=&#8221;1\/3&#8243;][vc_single_image image=&#8221;1672&#8243; img_size=&#8221;full&#8221; alignment=&#8221;center&#8221;][vc_column_text] Millioner av stearinlys produsert daglig. [\/vc_column_text][\/vc_column_inner][vc_column_inner width=&#8221;1\/3&#8243;][vc_single_image image=&#8221;1673&#8243; img_size=&#8221;full&#8221; alignment=&#8221;center&#8221;][vc_column_text] Etablert i 1999 [\/vc_column_text][\/vc_column_inner][vc_column_inner width=&#8221;1\/3&#8243;][vc_single_image image=&#8221;1674&#8243; img_size=&#8221;full&#8221; alignment=&#8221;center&#8221;][vc_column_text] 120 ansatte [\/vc_column_text][\/vc_column_inner][\/vc_row_inner][vc_separator color=&#8221;violet&#8221; border_width=&#8221;2&#8243;][vc_row_inner el_class=&#8221;about-policy fix-bottom-space&#8221;][vc_column_inner width=&#8221;1\/3&#8243;][vc_single_image image=&#8221;1675&#8243; img_size=&#8221;full&#8221; alignment=&#8221;center&#8221;][vc_column_text] 3 salgskontor [\/vc_column_text][\/vc_column_inner][vc_column_inner width=&#8221;1\/3&#8243;][vc_single_image image=&#8221;1676&#8243; img_size=&#8221;full&#8221; alignment=&#8221;center&#8221;][vc_column_text] Fleksibel produksjon og<\/p>\n","protected":false},"author":1,"featured_media":0,"parent":0,"menu_order":0,"comment_status":"closed","ping_status":"closed","template":"page-templates\/about-page.php","meta":[],"_links":{"self":[{"href":"https:\/\/villa-verde.eu\/no\/wp-json\/wp\/v2\/pages\/12161"}],"collection":[{"href":"https:\/\/villa-verde.eu\/no\/wp-json\/wp\/v2\/pages"}],"about":[{"href":"https:\/\/villa-verde.eu\/no\/wp-json\/wp\/v2\/types\/page"}],"author":[{"embeddable":true,"href":"https:\/\/villa-verde.eu\/no\/wp-json\/wp\/v2\/users\/1"}],"replies":[{"embeddable":true,"href":"https:\/\/villa-verde.eu\/no\/wp-json\/wp\/v2\/comments?post=12161"}],"version-history":[{"count":1,"href":"https:\/\/villa-verde.eu\/no\/wp-json\/wp\/v2\/pages\/12161\/revisions"}],"predecessor-version":[{"id":12163,"href":"https:\/\/villa-verde.eu\/no\/wp-json\/wp\/v2\/pages\/12161\/revisions\/12163"}],"wp:attachment":[{"href":"https:\/\/villa-verde.eu\/no\/wp-json\/wp\/v2\/media?parent=12161"}],"curies":[{"name":"wp","href":"https:\/\/api.w.org\/{rel}","templated":true}]}}