{"id":12109,"date":"2021-03-14T20:02:37","date_gmt":"2021-03-14T20:02:37","guid":{"rendered":"https:\/\/villa-verde.eu\/pogrzewacze-bezzapachowe\/"},"modified":"2022-03-02T13:56:30","modified_gmt":"2022-03-02T13:56:30","slug":"velas-sin-perfume","status":"publish","type":"page","link":"https:\/\/villa-verde.eu\/es\/velas-sin-perfume\/","title":{"rendered":"Velas sin perfume"},"content":{"rendered":"<p>[vc_row][vc_column css=&#8221;.vc_custom_1616281115192{margin-bottom: -70px !important;}&#8221;][vc_column_text css=&#8221;.vc_custom_1646045653676{margin-bottom: px !important;}&#8221;]<\/p>\n<p lang=\"es-ES\" align=\"left\"><span style=\"color: #000000;\"><strong><span style=\"font-family: 'times new roman', times, serif; font-size: 46px;\">Velas de t\u00e9 cl\u00e1sicas en la versi\u00f3n sin perfume<\/span><\/strong><\/span><\/p>\n<p lang=\"es-ES\" align=\"left\"><span style=\"font-family: 'times new roman', times, serif; font-size: 22px;\">Dos variantes de tama\u00f1o y material<\/span><\/p>\n<p>[\/vc_column_text][\/vc_column][\/vc_row][vc_row][vc_column width=&#8221;1\/6&#8243; css=&#8221;.vc_custom_1616281090145{margin-top: 80px !important;}&#8221;][vc_single_image image=&#8221;12093&#8243; img_size=&#8221;180&#215;170&#8243; alignment=&#8221;center&#8221; css_animation=&#8221;flipInX&#8221;][\/vc_column][vc_column width=&#8221;1\/6&#8243; css=&#8221;.vc_custom_1616281071484{margin-top: 80px !important;}&#8221;][vc_single_image image=&#8221;12094&#8243; img_size=&#8221;176&#215;166&#8243; alignment=&#8221;center&#8221; css_animation=&#8221;flipInX&#8221; css=&#8221;.vc_custom_1646229384370{margin-left: -80px !important;}&#8221;][\/vc_column][vc_column width=&#8221;1\/6&#8243; css=&#8221;.vc_custom_1616281060508{margin-top: 80px !important;}&#8221;][vc_single_image image=&#8221;2145&#8243; img_size=&#8221;180&#215;170&#8243; alignment=&#8221;center&#8221; css_animation=&#8221;flipInX&#8221; css=&#8221;.vc_custom_1616280849808{margin-left: -150px !important;}&#8221;][\/vc_column][vc_column width=&#8221;3\/6&#8243;][vc_single_image image=&#8221;2096&#8243; img_size=&#8221;full&#8221; alignment=&#8221;center&#8221; css=&#8221;.vc_custom_1616280912300{margin-left: -80px !important;}&#8221;][\/vc_column][\/vc_row][vc_row][vc_column][vc_tta_tabs style=&#8221;flat&#8221; alignment=&#8221;center&#8221; active_section=&#8221;1&#8243;][vc_tta_section title=&#8221;Todo&#8221; tab_id=&#8221;1615314525859-79fcf09b-9a58&#8243;]<div class=\"woocommerce columns-4 \"><\/div>[\/vc_tta_section][vc_tta_section title=&#8221;4 horas&#8221; tab_id=&#8221;1615314461367-93d2367a-d394&#8243;]<div class=\"woocommerce columns-4 \"><\/div>[\/vc_tta_section][vc_tta_section title=&#8221;8 horas&#8221; tab_id=&#8221;1615314461383-08345a3b-6921&#8243;]<div class=\"woocommerce columns-4 \"><\/div>[\/vc_tta_section][\/vc_tta_tabs][\/vc_column][\/vc_row]<\/p>\n","protected":false},"excerpt":{"rendered":"<p>[vc_row][vc_column css=&#8221;.vc_custom_1616281115192{margin-bottom: -70px !important;}&#8221;][vc_column_text css=&#8221;.vc_custom_1646045653676{margin-bottom: px !important;}&#8221;] Velas de t\u00e9 cl\u00e1sicas en la versi\u00f3n sin perfume Dos variantes de tama\u00f1o y material [\/vc_column_text][\/vc_column][\/vc_row][vc_row][vc_column width=&#8221;1\/6&#8243; css=&#8221;.vc_custom_1616281090145{margin-top: 80px !important;}&#8221;][vc_single_image image=&#8221;12093&#8243; img_size=&#8221;180&#215;170&#8243; alignment=&#8221;center&#8221; css_animation=&#8221;flipInX&#8221;][\/vc_column][vc_column width=&#8221;1\/6&#8243; css=&#8221;.vc_custom_1616281071484{margin-top: 80px !important;}&#8221;][vc_single_image image=&#8221;12094&#8243; img_size=&#8221;176&#215;166&#8243; alignment=&#8221;center&#8221; css_animation=&#8221;flipInX&#8221; css=&#8221;.vc_custom_1646229384370{margin-left: -80px !important;}&#8221;][\/vc_column][vc_column width=&#8221;1\/6&#8243; css=&#8221;.vc_custom_1616281060508{margin-top: 80px !important;}&#8221;][vc_single_image image=&#8221;2145&#8243; img_size=&#8221;180&#215;170&#8243; alignment=&#8221;center&#8221; css_animation=&#8221;flipInX&#8221;<\/p>\n","protected":false},"author":1,"featured_media":0,"parent":0,"menu_order":0,"comment_status":"closed","ping_status":"closed","template":"page-templates\/about-page.php","meta":[],"_links":{"self":[{"href":"https:\/\/villa-verde.eu\/es\/wp-json\/wp\/v2\/pages\/12109"}],"collection":[{"href":"https:\/\/villa-verde.eu\/es\/wp-json\/wp\/v2\/pages"}],"about":[{"href":"https:\/\/villa-verde.eu\/es\/wp-json\/wp\/v2\/types\/page"}],"author":[{"embeddable":true,"href":"https:\/\/villa-verde.eu\/es\/wp-json\/wp\/v2\/users\/1"}],"replies":[{"embeddable":true,"href":"https:\/\/villa-verde.eu\/es\/wp-json\/wp\/v2\/comments?post=12109"}],"version-history":[{"count":2,"href":"https:\/\/villa-verde.eu\/es\/wp-json\/wp\/v2\/pages\/12109\/revisions"}],"predecessor-version":[{"id":12506,"href":"https:\/\/villa-verde.eu\/es\/wp-json\/wp\/v2\/pages\/12109\/revisions\/12506"}],"wp:attachment":[{"href":"https:\/\/villa-verde.eu\/es\/wp-json\/wp\/v2\/media?parent=12109"}],"curies":[{"name":"wp","href":"https:\/\/api.w.org\/{rel}","templated":true}]}}