{"id":2836,"date":"2021-05-17T14:18:47","date_gmt":"2021-05-17T14:18:47","guid":{"rendered":"https:\/\/villa-verde.eu\/?page_id=2836"},"modified":"2021-09-06T20:41:39","modified_gmt":"2021-09-06T20:41:39","slug":"uber-uns","status":"publish","type":"page","link":"https:\/\/villa-verde.eu\/de\/uber-uns\/","title":{"rendered":"\u00dcBER UNS"},"content":{"rendered":"<p>[vc_row full_width=&#8221;stretch_row&#8221; css=&#8221;.vc_custom_1612383840479{background-color: #f3f3f3 !important;}&#8221;][vc_column][vc_empty_space][vc_row_inner el_class=&#8221;about-policy fix-bottom-space&#8221;][vc_column_inner width=&#8221;1\/3&#8243;][vc_single_image image=&#8221;1672&#8243; img_size=&#8221;full&#8221; alignment=&#8221;center&#8221;][vc_column_text]<\/p>\n<div style=\"text-align: center;\"><span lang=\"DE\" style=\"font-family: 'times new roman', times, serif; font-size: 16px;\">Produktion mehrerer<br \/>\nMillionen Kerzen t\u00e4glich<\/span><\/div>\n<p>[\/vc_column_text][\/vc_column_inner][vc_column_inner width=&#8221;1\/3&#8243;][vc_single_image image=&#8221;1673&#8243; img_size=&#8221;full&#8221; alignment=&#8221;center&#8221;][vc_column_text]<\/p>\n<p style=\"text-align: center;\"><span style=\"font-size: 16px;\">Gegr\u00fcndet<\/span><br \/>\n<span style=\"font-size: 16px;\">im Jahr <strong>1999<\/strong><\/span><\/p>\n<p>[\/vc_column_text][\/vc_column_inner][vc_column_inner width=&#8221;1\/3&#8243;][vc_single_image image=&#8221;1674&#8243; img_size=&#8221;full&#8221; alignment=&#8221;center&#8221;][vc_column_text]<\/p>\n<p style=\"text-align: center;\"><span style=\"font-size: 16px;\"><strong>120<\/strong><\/span><br \/>\n<span style=\"font-size: 16px;\">Angestellte<\/span><\/p>\n<p>[\/vc_column_text][\/vc_column_inner][\/vc_row_inner][vc_separator color=&#8221;violet&#8221; border_width=&#8221;2&#8243;][vc_row_inner el_class=&#8221;about-policy fix-bottom-space&#8221;][vc_column_inner width=&#8221;1\/3&#8243;][vc_single_image image=&#8221;1675&#8243; img_size=&#8221;full&#8221; alignment=&#8221;center&#8221;][vc_column_text]<\/p>\n<p style=\"text-align: center;\"><span style=\"font-size: 16px;\"><strong>3<\/strong><br \/>\nVerkaufsstellen<\/span><\/p>\n<p>[\/vc_column_text][\/vc_column_inner][vc_column_inner width=&#8221;1\/3&#8243;][vc_single_image image=&#8221;1676&#8243; img_size=&#8221;full&#8221; alignment=&#8221;center&#8221;][vc_column_text]<\/p>\n<p style=\"text-align: center;\"><span style=\"font-size: 16px;\">Produktionsflexibilit\u00e4t<\/span><br \/>\n<span style=\"font-size: 16px;\">und Verkauf<\/span><\/p>\n<p>[\/vc_column_text][\/vc_column_inner][vc_column_inner width=&#8221;1\/3&#8243;][vc_single_image image=&#8221;1677&#8243; img_size=&#8221;full&#8221; alignment=&#8221;center&#8221;][vc_column_text]<\/p>\n<p style=\"text-align: center;\"><span style=\"font-size: 16px;\">Rundumservice<\/span><br \/>\n<span style=\"font-size: 16px;\">und ein qualifiziertes Team<\/span><\/p>\n<p>[\/vc_column_text][\/vc_column_inner][\/vc_row_inner][\/vc_column][\/vc_row][vc_row full_width=&#8221;stretch_row&#8221; full_height=&#8221;yes&#8221; el_class=&#8221;about-introduce&#8221;][vc_column][vc_single_image image=&#8221;2305&#8243; img_size=&#8221;full&#8221; alignment=&#8221;center&#8221;][vc_separator style=&#8221;shadow&#8221;][vc_column_text css_animation=&#8221;none&#8221;]<\/p>\n<blockquote>\n<p style=\"text-align: center;\"><span style=\"font-size: 24px; font-family: verdana, geneva, sans-serif; color: #808080;\"><span style=\"font-weight: 400;\">&#8220;DAS GL\u00dcCK IST DAS EINZIGE,<br \/>\nDAS SICH VERDOPPELT, WENN MAN ES TEILT&#8221;<\/span><\/span><\/p>\n<\/blockquote>\n<p>[\/vc_column_text][vc_single_image image=&#8221;1988&#8243; img_size=&#8221;130&#215;75&#8243; alignment=&#8221;center&#8221; css_animation=&#8221;flipInX&#8221;][vc_column_text]<\/p>\n<div>\n<div>\n<p style=\"text-align: center;\"><span lang=\"DE\" style=\"font-family: 'times new roman', times, serif; font-size: 18px;\">Seit\u00a0<strong>1999<\/strong> im Sektor Innendekoration und Einrichtung t\u00e4tig, sind wir einer der f\u00fchrenden Kerzenhersteller f\u00fcr den gesamten europ\u00e4ischen Markt.<\/span><\/p>\n<\/div>\n<\/div>\n<div style=\"text-align: center;\">\n<div>\n<p><span lang=\"DE\" style=\"font-family: 'times new roman', times, serif; font-size: 18px;\">Wir \u00fcberwachen den kompletten Produktionsprozess streng, um eine sehr hohe Qualit\u00e4t aller hergestellten Produkt zu gew\u00e4hrleisten und die Erwartungen unserer Verbraucher zu erf\u00fcllen.<\/span><\/p>\n<\/div>\n<\/div>\n<div>\n<div>\n<p style=\"text-align: center;\"><span lang=\"DE\" style=\"font-family: 'times new roman', times, serif; font-size: 18px;\">Unsere Kerzen erreichen Millionen von Kunden in ganz Europa und nach Absprache auch au\u00dferhalb der EU. Als verantwortungsbewusster Kerzenhersteller verf\u00fcgen wir \u00fcber eine Reihe von Qualit\u00e4tszertifikaten und arbeiten daran, Co2-Emissionen zu reduzieren und alternative Energiequellen zu nutzen.<\/span><\/p>\n<\/div>\n<\/div>\n<p>[\/vc_column_text][\/vc_column][\/vc_row][vc_row disable_element=&#8221;yes&#8221;][vc_column offset=&#8221;vc_col-lg-6 vc_col-md-6&#8243;][vc_column_text]<\/p>\n<h3>What can we do for you ?<\/h3>\n<p>[\/vc_column_text][vc_tta_accordion][vc_tta_section title=&#8221;Nam liber tempor cum soluta nobis ?&#8221; tab_id=&#8221;1545810888087-23963840-6782&#8243;][vc_column_text]Adipiscing lacus ut elementum, nec duis, tempor litora turpis dapibus. Imperdiet cursus odio tortor in elementum. Egestas nunc eleifend feugiat lectus laoreet, vel nunc taciti integer cras. Hac pede dis, praesent nibh ac dui mauris sit. A nullam ut, tempus nulla. Rutrum orci sit commodo vivamus quam adipiscing, ullamcorper magna donec integer eget mauris quisque.[\/vc_column_text][\/vc_tta_section][vc_tta_section title=&#8221;Typi non habent claritatem insitam est usus legentis ?&#8221; tab_id=&#8221;1545810920316-61b1c2cf-0f7f&#8221;][vc_column_text]Adipiscing lacus ut elementum, nec duis, tempor litora turpis dapibus. Imperdiet cursus odio tortor in elementum. Egestas nunc eleifend feugiat lectus laoreet, vel nunc taciti integer cras. Hac pede dis, praesent nibh ac dui mauris sit. A nullam ut, tempus nulla. Rutrum orci sit commodo vivamus quam adipiscing, ullamcorper magna donec integer eget mauris quisque.[\/vc_column_text][\/vc_tta_section][vc_tta_section title=&#8221;Vitae ultricies gravida id justo consequat enim ?&#8221; tab_id=&#8221;1545810918920-c5ed5756-a65d&#8221;][vc_column_text]Adipiscing lacus ut elementum, nec duis, tempor litora turpis dapibus. Imperdiet cursus odio tortor in elementum. Egestas nunc eleifend feugiat lectus laoreet, vel nunc taciti integer cras. Hac pede dis, praesent nibh ac dui mauris sit. A nullam ut, tempus nulla. Rutrum orci sit commodo vivamus quam adipiscing, ullamcorper magna donec integer eget mauris quisque.[\/vc_column_text][\/vc_tta_section][vc_tta_section title=&#8221;Etiam ut ex ut tellus imperdiet interdum sit amet id orci.&#8221; tab_id=&#8221;1548990736230-808750df-4055&#8243;][vc_column_text]Adipiscing lacus ut elementum, nec duis, tempor litora turpis dapibus. Imperdiet cursus odio tortor in elementum. Egestas nunc eleifend feugiat lectus laoreet, vel nunc taciti integer cras. Hac pede dis, praesent nibh ac dui mauris sit. A nullam ut, tempus nulla. Rutrum orci sit commodo vivamus quam adipiscing, ullamcorper magna donec integer eget mauris quisque.[\/vc_column_text][\/vc_tta_section][vc_tta_section title=&#8221;Nam sapien sapien, lobortis vestibulum metus ac&#8221; tab_id=&#8221;1548990735182-6fb1d793-1bfc&#8221;][vc_column_text]Adipiscing lacus ut elementum, nec duis, tempor litora turpis dapibus. Imperdiet cursus odio tortor in elementum. Egestas nunc eleifend feugiat lectus laoreet, vel nunc taciti integer cras. Hac pede dis, praesent nibh ac dui mauris sit. A nullam ut, tempus nulla. Rutrum orci sit commodo vivamus quam adipiscing, ullamcorper magna donec integer eget mauris quisque.[\/vc_column_text][\/vc_tta_section][\/vc_tta_accordion][\/vc_column][vc_column offset=&#8221;vc_col-lg-6 vc_col-md-6&#8243; el_class=&#8221;about-testimonial&#8221;][vc_column_text]<\/p>\n<h3>What Our Customers Says ?<\/h3>\n<p>[\/vc_column_text][vc_row_inner css=&#8221;.vc_custom_1532501052060{margin-bottom: 0px !important;}&#8221;][vc_column_inner]<div class=\"testimonials-wrapper navigation-style2 style1\" data-navigation=0 data-pagination=1 data-speed=500 data-loop=0 data-auto=0>\t\t<div class=\"widget widget_woothemes_testimonials\">\n<div class=\"testimonials component effect-fade\">\n<div class=\"testimonials-list\">\n<div id=\"quote-308\" class=\"quote first\" itemprop=\"review\" itemscope itemtype=\"http:\/\/schema.org\/Review\"><blockquote class=\"testimonials-text\" itemprop=\"reviewBody\"><p>\t\t\t\tThese guys have been absolutely outstanding. Perfect Themes and the best of all that you have many options to choose! Best Support team ever! Very fast responding! Thank you very much! I highly recommend this theme and these people!\t\t<\/p>\n<\/blockquote><a href=\"http:\/\/roadthemes.com\/\" class=\"avatar-link\"><img width=\"150\" height=\"150\" src=\"https:\/\/villa-verde.eu\/wp-content\/uploads\/2018\/04\/testimonial3-150x150.jpg\" class=\"avatar wp-post-image\" alt=\"\" loading=\"lazy\" srcset=\"https:\/\/villa-verde.eu\/wp-content\/uploads\/2018\/04\/testimonial3-150x150.jpg 150w, https:\/\/villa-verde.eu\/wp-content\/uploads\/2018\/04\/testimonial3-300x300.jpg 300w, https:\/\/villa-verde.eu\/wp-content\/uploads\/2018\/04\/testimonial3.jpg 400w\" sizes=\"(max-width: 150px) 100vw, 150px\" \/><\/a> <cite class=\"author\" itemprop=\"author\" itemscope itemtype=\"http:\/\/schema.org\/Person\"><span itemprop=\"name\">John Sullivan<\/span> <span class=\"title\" itemprop=\"jobTitle\">Customer<\/span><!--\/.title-->\n<\/cite><!--\/.author-->\n<\/div><div id=\"quote-309\" class=\"quote\" itemprop=\"review\" itemscope itemtype=\"http:\/\/schema.org\/Review\"><blockquote class=\"testimonials-text\" itemprop=\"reviewBody\"><p>\t\t\t\tCode, template and others are very good. The support has served me immediately and solved my problems when I need help. Are to be congratulated.\t\t<\/p>\n<\/blockquote><img width=\"150\" height=\"150\" src=\"https:\/\/villa-verde.eu\/wp-content\/uploads\/2018\/04\/testimonial2-150x150.jpg\" class=\"avatar wp-post-image\" alt=\"\" loading=\"lazy\" srcset=\"https:\/\/villa-verde.eu\/wp-content\/uploads\/2018\/04\/testimonial2-150x150.jpg 150w, https:\/\/villa-verde.eu\/wp-content\/uploads\/2018\/04\/testimonial2-300x300.jpg 300w, https:\/\/villa-verde.eu\/wp-content\/uploads\/2018\/04\/testimonial2.jpg 400w\" sizes=\"(max-width: 150px) 100vw, 150px\" \/> <cite class=\"author\" itemprop=\"author\" itemscope itemtype=\"http:\/\/schema.org\/Person\"><span itemprop=\"name\">Jenifer Brown<\/span> <span class=\"title\" itemprop=\"jobTitle\">Manager of AZ<\/span><!--\/.title-->\n<\/cite><!--\/.author-->\n<\/div><div id=\"quote-1169\" class=\"quote last\" itemprop=\"review\" itemscope itemtype=\"http:\/\/schema.org\/Review\"><blockquote class=\"testimonials-text\" itemprop=\"reviewBody\"><p>\t\t\t\tSupport and response has been amazing, helping me with several issues I came across and got them solved almost the same day. A pleasure to work with them!\t\t<\/p>\n<\/blockquote><a href=\"http:\/\/roadthemes.com\/\" class=\"avatar-link\"><img width=\"150\" height=\"150\" src=\"https:\/\/villa-verde.eu\/wp-content\/uploads\/2018\/04\/testimonial1-150x150.jpg\" class=\"avatar wp-post-image\" alt=\"\" loading=\"lazy\" srcset=\"https:\/\/villa-verde.eu\/wp-content\/uploads\/2018\/04\/testimonial1-150x150.jpg 150w, https:\/\/villa-verde.eu\/wp-content\/uploads\/2018\/04\/testimonial1-300x300.jpg 300w\" sizes=\"(max-width: 150px) 100vw, 150px\" \/><\/a> <cite class=\"author\" itemprop=\"author\" itemscope itemtype=\"http:\/\/schema.org\/Person\"><span itemprop=\"name\">Kathy Young<\/span> <span class=\"title\" itemprop=\"jobTitle\">CEO of SunPark<\/span><!--\/.title-->\n<\/cite><!--\/.author-->\n<\/div><\/div><!--\/.testimonials-list-->\n<div class=\"fix\"><\/div>\n<\/div><!--\/.testimonials-->\n<\/div>\n\t\r\n\t<\/div>[\/vc_column_inner][\/vc_row_inner][\/vc_column][\/vc_row]<\/p>\n","protected":false},"excerpt":{"rendered":"<p>[vc_row full_width=&#8221;stretch_row&#8221; css=&#8221;.vc_custom_1612383840479{background-color: #f3f3f3 !important;}&#8221;][vc_column][vc_empty_space][vc_row_inner el_class=&#8221;about-policy fix-bottom-space&#8221;][vc_column_inner width=&#8221;1\/3&#8243;][vc_single_image image=&#8221;1672&#8243; img_size=&#8221;full&#8221; alignment=&#8221;center&#8221;][vc_column_text] Produktion mehrerer Millionen Kerzen t\u00e4glich [\/vc_column_text][\/vc_column_inner][vc_column_inner width=&#8221;1\/3&#8243;][vc_single_image image=&#8221;1673&#8243; img_size=&#8221;full&#8221; alignment=&#8221;center&#8221;][vc_column_text] Gegr\u00fcndet im Jahr 1999 [\/vc_column_text][\/vc_column_inner][vc_column_inner width=&#8221;1\/3&#8243;][vc_single_image image=&#8221;1674&#8243; img_size=&#8221;full&#8221; alignment=&#8221;center&#8221;][vc_column_text] 120 Angestellte [\/vc_column_text][\/vc_column_inner][\/vc_row_inner][vc_separator color=&#8221;violet&#8221; border_width=&#8221;2&#8243;][vc_row_inner el_class=&#8221;about-policy fix-bottom-space&#8221;][vc_column_inner width=&#8221;1\/3&#8243;][vc_single_image image=&#8221;1675&#8243; img_size=&#8221;full&#8221; alignment=&#8221;center&#8221;][vc_column_text] 3 Verkaufsstellen [\/vc_column_text][\/vc_column_inner][vc_column_inner width=&#8221;1\/3&#8243;][vc_single_image image=&#8221;1676&#8243; img_size=&#8221;full&#8221; alignment=&#8221;center&#8221;][vc_column_text] Produktionsflexibilit\u00e4t und<\/p>\n","protected":false},"author":3,"featured_media":0,"parent":0,"menu_order":0,"comment_status":"closed","ping_status":"closed","template":"page-templates\/about-page.php","meta":[],"_links":{"self":[{"href":"https:\/\/villa-verde.eu\/de\/wp-json\/wp\/v2\/pages\/2836"}],"collection":[{"href":"https:\/\/villa-verde.eu\/de\/wp-json\/wp\/v2\/pages"}],"about":[{"href":"https:\/\/villa-verde.eu\/de\/wp-json\/wp\/v2\/types\/page"}],"author":[{"embeddable":true,"href":"https:\/\/villa-verde.eu\/de\/wp-json\/wp\/v2\/users\/3"}],"replies":[{"embeddable":true,"href":"https:\/\/villa-verde.eu\/de\/wp-json\/wp\/v2\/comments?post=2836"}],"version-history":[{"count":6,"href":"https:\/\/villa-verde.eu\/de\/wp-json\/wp\/v2\/pages\/2836\/revisions"}],"predecessor-version":[{"id":11708,"href":"https:\/\/villa-verde.eu\/de\/wp-json\/wp\/v2\/pages\/2836\/revisions\/11708"}],"wp:attachment":[{"href":"https:\/\/villa-verde.eu\/de\/wp-json\/wp\/v2\/media?parent=2836"}],"curies":[{"name":"wp","href":"https:\/\/api.w.org\/{rel}","templated":true}]}}