{"id":2823,"date":"2021-05-17T08:14:51","date_gmt":"2021-05-17T08:14:51","guid":{"rendered":"https:\/\/villa-verde.eu\/?page_id=2823"},"modified":"2025-01-24T15:02:36","modified_gmt":"2025-01-24T14:02:36","slug":"home","status":"publish","type":"page","link":"https:\/\/villa-verde.eu\/de\/","title":{"rendered":"Home"},"content":{"rendered":"<p>[vc_row full_width=&#8221;stretch_row_content_no_spaces&#8221; css=&#8221;.vc_custom_1546846330937{margin-bottom: 30px !important;}&#8221;][vc_column][rev_slider_vc alias=&#8221;home-slider-eng-1&#8243;][\/vc_column][\/vc_row][vc_row full_width=&#8221;stretch_row&#8221; css_animation=&#8221;fadeInLeft&#8221; css=&#8221;.vc_custom_1616438718928{padding-top: 70px !important;}&#8221; bb_sm_mode=&#8221;yes&#8221; el_class=&#8221;about-policy fix-bottom-space&#8221;][vc_column css_animation=&#8221;fadeInUp&#8221; width=&#8221;1\/3&#8243;][vc_single_image image=&#8221;1264&#8243; alignment=&#8221;center&#8221; css_animation=&#8221;none&#8221; el_class=&#8221;about-policy fix-bottom-space&#8221;][vc_column_text]<\/p>\n<p style=\"text-align: center;\"><span style=\"font-size: 14px;\"> <img loading=\"lazy\" class=\" wp-image-1906 aligncenter\" src=\"http:\/\/villa-verde.eu\/wp-content\/uploads\/2021\/03\/Globally.png\" alt=\"\" width=\"192\" height=\"50\" \/><\/span><\/p>\n<p style=\"text-align: center;\">Wir liefern unsere Produkte<br \/>\nweltweit in <strong>30<\/strong> L\u00e4nder<\/p>\n<p>[\/vc_column_text][\/vc_column][vc_column css_animation=&#8221;fadeInUp&#8221; width=&#8221;1\/3&#8243;][vc_single_image image=&#8221;1265&#8243; alignment=&#8221;center&#8221; css_animation=&#8221;none&#8221; el_class=&#8221;about-policy fix-bottom-space&#8221;][vc_column_text]<\/p>\n<p style=\"text-align: center;\"><span style=\"font-size: 14px;\"><img loading=\"lazy\" class=\"size-full wp-image-1686 aligncenter\" src=\"http:\/\/villa-verde.eu\/wp-content\/uploads\/2021\/03\/3-obrazki-pod-bannerem-e1614628539951.jpg\" alt=\"\" width=\"200\" height=\"53\" \/><\/span><\/p>\n<p style=\"text-align: center;\">Wir sind Kerzenhersteller seit <strong>1999<\/strong><\/p>\n<p style=\"text-align: center;\"><span style=\"font-size: 14px;\">\u00a0<\/span><\/p>\n<p>[\/vc_column_text][\/vc_column][vc_column css_animation=&#8221;fadeInUp&#8221; width=&#8221;1\/3&#8243;][vc_single_image image=&#8221;1266&#8243; alignment=&#8221;center&#8221; el_class=&#8221;about-policy fix-bottom-space&#8221;][vc_column_text]<\/p>\n<p style=\"text-align: center;\"><img loading=\"lazy\" class=\" wp-image-1685 aligncenter\" src=\"http:\/\/villa-verde.eu\/wp-content\/uploads\/2021\/03\/3-obrazki-pod-bannerem-1.jpg\" alt=\"\" width=\"167\" height=\"44\" \/><\/p>\n<p style=\"text-align: center;\"><strong>Zertifizierte Qualit\u00e4t<\/strong> Wir verf\u00fcgen \u00fcber g\u00e4ngige<br \/>\ninternationale Zertifikate und Pr\u00fcfmethoden<\/p>\n<p>[\/vc_column_text][\/vc_column][\/vc_row][vc_row][vc_column css_animation=&#8221;fadeInUp&#8221;]<div class=\"heading-title style1 \"><div class=\"heading-title-inner\"><h3><span>PRODUKTKATEGORIEN<\/span><\/h3><\/div><\/div>[\/vc_column][\/vc_row][vc_row css_animation=&#8221;fadeInRight&#8221;][vc_column css_animation=&#8221;none&#8221; width=&#8221;1\/3&#8243;][vc_single_image image=&#8221;1572&#8243; img_size=&#8221;full&#8221; alignment=&#8221;center&#8221; onclick=&#8221;custom_link&#8221; link=&#8221;https:\/\/villa-verde.eu\/de\/eco-candle-light\/&#8221;][\/vc_column][vc_column css_animation=&#8221;none&#8221; width=&#8221;1\/3&#8243;][vc_single_image image=&#8221;2780&#8243; img_size=&#8221;full&#8221; alignment=&#8221;center&#8221; onclick=&#8221;custom_link&#8221; link=&#8221;https:\/\/villa-verde.eu\/de\/teelichte-weiss\/&#8221;][\/vc_column][vc_column css_animation=&#8221;none&#8221; width=&#8221;1\/3&#8243;][vc_single_image image=&#8221;2790&#8243; img_size=&#8221;full&#8221; alignment=&#8221;center&#8221; onclick=&#8221;custom_link&#8221; link=&#8221;https:\/\/villa-verde.eu\/de\/duftteelichte\/&#8221;][\/vc_column][\/vc_row][vc_row css_animation=&#8221;fadeInLeft&#8221;][vc_column css_animation=&#8221;none&#8221; width=&#8221;1\/3&#8243;][vc_single_image image=&#8221;2810&#8243; img_size=&#8221;full&#8221; alignment=&#8221;center&#8221; onclick=&#8221;custom_link&#8221; link=&#8221;https:\/\/villa-verde.eu\/de\/duftkerzen\/&#8221;][\/vc_column][vc_column css_animation=&#8221;none&#8221; width=&#8221;1\/3&#8243;][vc_single_image image=&#8221;2800&#8243; img_size=&#8221;full&#8221; alignment=&#8221;center&#8221; onclick=&#8221;custom_link&#8221; link=&#8221;https:\/\/villa-verde.eu\/de\/kerzen\/&#8221;][\/vc_column][vc_column width=&#8221;1\/3&#8243;][vc_single_image image=&#8221;2770&#8243; img_size=&#8221;full&#8221; alignment=&#8221;center&#8221; onclick=&#8221;custom_link&#8221; link=&#8221;https:\/\/villa-verde.eu\/de\/dekoration\/&#8221;][\/vc_column][\/vc_row][vc_row][vc_column css_animation=&#8221;fadeInUp&#8221;]<div class=\"heading-title style1 \"><div class=\"heading-title-inner\"><h3><span>Unsere Produktreihe<\/span><\/h3><\/div><\/div>[vc_column_text]\n            <div \n                class=\"elfsight-widget-logo-showcase elfsight-widget\" \n                data-elfsight-logo-showcase-options=\"%7B%22items%22%3A%5B%7B%22file%22%3A%7B%22type%22%3A%22uploaded%22%2C%22data%22%3A%7B%22name%22%3A%2264065---%22%2C%22url%22%3A%22https%3A%5C%2F%5C%2Fvilla-verde.eu%5C%2Fwp-content%5C%2Fuploads%5C%2F2021%5C%2F06%5C%2F64065-.png%22%2C%22size%22%3A942652%2C%22type%22%3A%22image%22%2C%22extension%22%3A%22png%22%2C%22width%22%3A1500%2C%22height%22%3A1500%2C%22ext%22%3A%22png%22%7D%7D%2C%22link%22%3A%22%22%2C%22caption%22%3A%22%22%7D%2C%7B%22file%22%3A%7B%22type%22%3A%22uploaded%22%2C%22data%22%3A%7B%22name%22%3A%22logoVillaVerde2%22%2C%22url%22%3A%22https%3A%5C%2F%5C%2Fvilla-verde.eu%5C%2Fwp-content%5C%2Fuploads%5C%2F2021%5C%2F05%5C%2FlogoVillaVerde2.png%22%2C%22size%22%3A2768%2C%22type%22%3A%22image%22%2C%22extension%22%3A%22png%22%2C%22width%22%3A490%2C%22height%22%3A193%2C%22ext%22%3A%22png%22%7D%7D%2C%22link%22%3A%22%22%2C%22caption%22%3A%22%22%7D%2C%7B%22file%22%3A%7B%22type%22%3A%22uploaded%22%2C%22data%22%3A%7B%22name%22%3A%2250143%2C%2050161%22%2C%22url%22%3A%22https%3A%5C%2F%5C%2Fvilla-verde.eu%5C%2Fwp-content%5C%2Fuploads%5C%2F2021%5C%2F06%5C%2F50143-50161.jpg%22%2C%22size%22%3A595616%2C%22type%22%3A%22image%22%2C%22extension%22%3A%22jpeg%22%2C%22width%22%3A1000%2C%22height%22%3A1000%2C%22ext%22%3A%22jpeg%22%7D%7D%2C%22link%22%3A%22%22%2C%22caption%22%3A%22%22%7D%2C%7B%22file%22%3A%7B%22type%22%3A%22uploaded%22%2C%22data%22%3A%7B%22name%22%3A%2218299573194523395326logo%22%2C%22url%22%3A%22https%3A%5C%2F%5C%2Fvilla-verde.eu%5C%2Fwp-content%5C%2Fuploads%5C%2F2021%5C%2F05%5C%2F18299573194523395326logo.png%22%2C%22size%22%3A735908%2C%22type%22%3A%22image%22%2C%22extension%22%3A%22png%22%2C%22width%22%3A2248%2C%22height%22%3A1312%2C%22ext%22%3A%22png%22%7D%7D%2C%22link%22%3A%22%22%2C%22caption%22%3A%22%22%2C%22id%22%3A%227ac2bd61-6b6c-4179-8497-69375f94f90f%22%7D%2C%7B%22file%22%3A%7B%22type%22%3A%22uploaded%22%2C%22data%22%3A%7B%22name%22%3A%2250163%22%2C%22url%22%3A%22https%3A%5C%2F%5C%2Fvilla-verde.eu%5C%2Fwp-content%5C%2Fuploads%5C%2F2021%5C%2F06%5C%2F50163-1.jpg%22%2C%22size%22%3A658049%2C%22type%22%3A%22image%22%2C%22extension%22%3A%22jpeg%22%2C%22width%22%3A1000%2C%22height%22%3A1000%2C%22ext%22%3A%22jpeg%22%7D%7D%2C%22link%22%3A%22%22%2C%22caption%22%3A%22%22%7D%2C%7B%22file%22%3A%7B%22type%22%3A%22uploaded%22%2C%22data%22%3A%7B%22name%22%3A%22logoVillaVerde2%22%2C%22url%22%3A%22https%3A%5C%2F%5C%2Fvilla-verde.eu%5C%2Fwp-content%5C%2Fuploads%5C%2F2021%5C%2F05%5C%2FlogoVillaVerde2.png%22%2C%22size%22%3A2768%2C%22type%22%3A%22image%22%2C%22extension%22%3A%22png%22%2C%22width%22%3A490%2C%22height%22%3A193%2C%22ext%22%3A%22png%22%7D%7D%2C%22link%22%3A%22%22%2C%22caption%22%3A%22%22%2C%22id%22%3A%22197d67fa-d5e6-4b5f-b319-c8b9fea31eab%22%7D%2C%7B%22file%22%3A%7B%22type%22%3A%22uploaded%22%2C%22data%22%3A%7B%22name%22%3A%2250171%22%2C%22url%22%3A%22https%3A%5C%2F%5C%2Fvilla-verde.eu%5C%2Fwp-content%5C%2Fuploads%5C%2F2021%5C%2F06%5C%2F50171-1.jpg%22%2C%22size%22%3A560972%2C%22type%22%3A%22image%22%2C%22extension%22%3A%22jpeg%22%2C%22width%22%3A1000%2C%22height%22%3A1000%2C%22ext%22%3A%22jpeg%22%7D%7D%2C%22link%22%3A%22%22%2C%22caption%22%3A%22%22%7D%2C%7B%22file%22%3A%7B%22type%22%3A%22uploaded%22%2C%22data%22%3A%7B%22name%22%3A%2218299573194523395326logo%22%2C%22url%22%3A%22https%3A%5C%2F%5C%2Fvilla-verde.eu%5C%2Fwp-content%5C%2Fuploads%5C%2F2021%5C%2F05%5C%2F18299573194523395326logo.png%22%2C%22size%22%3A735908%2C%22type%22%3A%22image%22%2C%22extension%22%3A%22png%22%2C%22width%22%3A2248%2C%22height%22%3A1312%2C%22ext%22%3A%22png%22%7D%7D%2C%22link%22%3A%22%22%2C%22caption%22%3A%22%22%2C%22id%22%3A%22a8864830-183d-4067-8d57-9286a4af3245%22%7D%2C%7B%22file%22%3A%7B%22type%22%3A%22uploaded%22%2C%22data%22%3A%7B%22name%22%3A%2250248%22%2C%22url%22%3A%22https%3A%5C%2F%5C%2Fvilla-verde.eu%5C%2Fwp-content%5C%2Fuploads%5C%2F2021%5C%2F06%5C%2F50248.jpg%22%2C%22size%22%3A497066%2C%22type%22%3A%22image%22%2C%22extension%22%3A%22jpeg%22%2C%22width%22%3A1000%2C%22height%22%3A1000%2C%22ext%22%3A%22jpeg%22%7D%7D%2C%22link%22%3A%22%22%2C%22caption%22%3A%22%22%7D%2C%7B%22file%22%3A%7B%22type%22%3A%22uploaded%22%2C%22data%22%3A%7B%22name%22%3A%22logoVillaVerde2%22%2C%22url%22%3A%22https%3A%5C%2F%5C%2Fvilla-verde.eu%5C%2Fwp-content%5C%2Fuploads%5C%2F2021%5C%2F05%5C%2FlogoVillaVerde2.png%22%2C%22size%22%3A2768%2C%22type%22%3A%22image%22%2C%22extension%22%3A%22png%22%2C%22width%22%3A490%2C%22height%22%3A193%2C%22ext%22%3A%22png%22%7D%7D%2C%22link%22%3A%22%22%2C%22caption%22%3A%22%22%2C%22id%22%3A%2268c3b478-fc4f-40bf-8787-82ef7bb2d311%22%7D%2C%7B%22file%22%3A%7B%22type%22%3A%22uploaded%22%2C%22data%22%3A%7B%22name%22%3A%2250182%22%2C%22url%22%3A%22https%3A%5C%2F%5C%2Fvilla-verde.eu%5C%2Fwp-content%5C%2Fuploads%5C%2F2021%5C%2F06%5C%2F50182-.jpg%22%2C%22size%22%3A640556%2C%22type%22%3A%22image%22%2C%22extension%22%3A%22jpeg%22%2C%22width%22%3A1000%2C%22height%22%3A1000%2C%22ext%22%3A%22jpeg%22%7D%7D%2C%22link%22%3A%22%22%2C%22caption%22%3A%22%22%7D%2C%7B%22file%22%3A%7B%22type%22%3A%22uploaded%22%2C%22data%22%3A%7B%22name%22%3A%2218299573194523395326logo%22%2C%22url%22%3A%22https%3A%5C%2F%5C%2Fvilla-verde.eu%5C%2Fwp-content%5C%2Fuploads%5C%2F2021%5C%2F05%5C%2F18299573194523395326logo.png%22%2C%22size%22%3A735908%2C%22type%22%3A%22image%22%2C%22extension%22%3A%22png%22%2C%22width%22%3A2248%2C%22height%22%3A1312%2C%22ext%22%3A%22png%22%7D%7D%2C%22link%22%3A%22%22%2C%22caption%22%3A%22%22%2C%22id%22%3A%223ba4b60a-f77b-4585-a8e7-a99def10aaaa%22%7D%5D%2C%22headerEnabled%22%3Afalse%2C%22headerTitle%22%3A%22%22%2C%22headerText%22%3A%22%22%2C%22buttonEnabled%22%3Afalse%2C%22buttonLink%22%3A%22%22%2C%22buttonText%22%3A%22Contact%20Us%22%2C%22layout%22%3A%22carousel%22%2C%22sliderArrowsEnabled%22%3Afalse%2C%22sliderSwipeEnabled%22%3Atrue%2C%22sliderTransitionDuration%22%3A0.6%2C%22sliderPaginationType%22%3A%22bullets%22%2C%22sliderAutoSlideEnabled%22%3Atrue%2C%22sliderAutoSlideDelay%22%3A5%2C%22sliderAutoSlidePauseOnHover%22%3Atrue%2C%22sliderElementsColor%22%3A%22rgba%280%2C0%2C0%2C1%29%22%2C%22carouselSpeed%22%3A2000%2C%22carouselPauseOnHover%22%3Afalse%2C%22logoSize%22%3A180%2C%22gutter%22%3A51%2C%22logoSizeTablet%22%3A100%2C%22gutterTablet%22%3A20%2C%22logoSizeMobile%22%3A100%2C%22gutterMobile%22%3A20%2C%22width%22%3A%22auto%22%2C%22targetBlank%22%3Atrue%2C%22backgroundType%22%3A%22color%22%2C%22backgroundColor%22%3Anull%2C%22backgroundImage%22%3Anull%2C%22logoColor%22%3A%22original%22%2C%22logoCustomColor%22%3Anull%2C%22logoBackgroundColor%22%3Anull%2C%22headerTextColor%22%3A%22rgb%2817%2C%2017%2C%2017%29%22%2C%22headerTitleFontSize%22%3A24%2C%22headerTitleFontWeight%22%3A%22normal%22%2C%22headerTextFontSize%22%3A16%2C%22buttonStyle%22%3A%22filled%22%2C%22buttonColor%22%3A%22rgb%2828%2C%2059%2C%20255%29%22%2C%22buttonShape%22%3A4%2C%22buttonFontSize%22%3A16%2C%22widgetId%22%3A%221%22%7D\" \n                data-elfsight-logo-showcase-version=\"1.1.1\"\n                data-elfsight-widget-id=\"elfsight-logo-showcase-1\">\n            <\/div>\n            [\/vc_column_text][\/vc_column][\/vc_row][vc_row full_width=&#8221;stretch_row_content&#8221; disable_element=&#8221;yes&#8221; el_class=&#8221;large-content&#8221;][vc_column width=&#8221;1\/3&#8243;]<div class=\"roadthemes-static-1 style2\"><div class=\"static-image\"><img src=\"https:\/\/villa-verde.eu\/wp-content\/uploads\/2019\/01\/home1-banner1-1.jpg\" alt=\"Static image\"\/><\/div><div class=\"static-content\"><div class=\"static-title\"><h3>Cyber Monday<br \/>\n<strong>Big Sale 50% Off<\/strong><\/h3><\/div><div class=\"static-link\"><a href=\" http:\/\/demo.roadthemes.com\/ginza\/shop\/ \"> View collection<\/a><\/div><\/div><\/div>[\/vc_column][vc_column width=&#8221;1\/3&#8243;]<div class=\"roadthemes-static-1 style1\"><div class=\"static-image\"><img src=\"https:\/\/villa-verde.eu\/wp-content\/uploads\/2019\/02\/home1-banner1-2.jpg\" alt=\"Static image\"\/><\/div><div class=\"static-content\"><div class=\"static-title\"><h3>New Arrivals<br \/>\n<strong>Decor Accents<\/strong><\/h3><\/div><div class=\"static-link\"><a href=\" http:\/\/demo.roadthemes.com\/ginza\/shop\/ \"> View collection<\/a><\/div><\/div><\/div>[\/vc_column][vc_column width=&#8221;1\/3&#8243;]<div class=\"roadthemes-static-1 style1\"><div class=\"static-image\"><img src=\"https:\/\/villa-verde.eu\/wp-content\/uploads\/2019\/01\/home1-banner1-3.jpg\" alt=\"Static image\"\/><\/div><div class=\"static-content\"><div class=\"static-title\"><h3>Black Fridays<br \/>\n<strong>Sale Up To 70% Off<\/strong><\/h3><\/div><div class=\"static-link\"><a href=\" http:\/\/demo.roadthemes.com\/ginza\/shop\/ \"> View collection<\/a><\/div><\/div><\/div>[\/vc_column][\/vc_row][vc_row disable_element=&#8221;yes&#8221;][vc_column]<div class=\"heading-title style3 \"><div class=\"heading-title-inner\"><h3><span>Our best<br \/>\n<strong>Products<\/strong><\/span><\/h3><\/div><\/div>[vc_tta_tour][vc_tta_section title=&#8221;Furniture&#8221; tab_id=&#8221;furniture&#8221;]<div class=\"roadthemes-products navigation-style1 category_products product-grid roadthemes-slider\" data-margin=30 data-1500up=3 data-1200-1499=3 data-992-1199=2 data-768-991=2 data-640-767=2 data-480-639=2 data-0-479=1 data-navigation=1 data-pagination=0 data-speed=500 data-loop=0 data-auto=0><div class=\"woocommerce columns-1 \"><\/div><\/div>[\/vc_tta_section][vc_tta_section title=&#8221;Decorative&#8221; tab_id=&#8221;decorative&#8221;]<div class=\"roadthemes-products navigation-style1 category_products product-grid roadthemes-slider\" data-margin=30 data-1500up=3 data-1200-1499=3 data-992-1199=2 data-768-991=2 data-640-767=2 data-480-639=2 data-0-479=1 data-navigation=1 data-pagination=0 data-speed=500 data-loop=0 data-auto=0><div class=\"woocommerce columns-1 \"><\/div><\/div>[\/vc_tta_section][vc_tta_section title=&#8221;Lighting&#8221; tab_id=&#8221;lighting&#8221;]<div class=\"roadthemes-products navigation-style1 category_products product-grid roadthemes-slider\" data-margin=30 data-1500up=3 data-1200-1499=3 data-992-1199=3 data-768-991=3 data-640-767=2 data-480-639=2 data-0-479=1 data-navigation=1 data-pagination=0 data-speed=500 data-loop=0 data-auto=0><div class=\"woocommerce columns-1 \"><\/div><\/div>[\/vc_tta_section][vc_tta_section title=&#8221;Storage&#8221; tab_id=&#8221;storage&#8221;]<div class=\"roadthemes-products navigation-style1 category_products product-grid roadthemes-slider\" data-margin=30 data-1500up=3 data-1200-1499=3 data-992-1199=3 data-768-991=3 data-640-767=2 data-480-639=2 data-0-479=1 data-navigation=1 data-pagination=0 data-speed=500 data-loop=0 data-auto=0><div class=\"woocommerce columns-1 \"><\/div><\/div>[\/vc_tta_section][vc_tta_section title=&#8221;Outdoor&#8221; tab_id=&#8221;outdoor&#8221;]<div class=\"roadthemes-products navigation-style1 category_products product-grid roadthemes-slider\" data-margin=30 data-1500up=3 data-1200-1499=3 data-992-1199=3 data-768-991=3 data-640-767=2 data-480-639=2 data-0-479=1 data-navigation=1 data-pagination=0 data-speed=500 data-loop=0 data-auto=0><div class=\"woocommerce columns-1 \"><\/div><\/div>[\/vc_tta_section][vc_tta_section title=&#8221;Decor Accessories&#8221; tab_id=&#8221;decor-accessories&#8221;]<div class=\"roadthemes-products navigation-style1 category_products product-grid roadthemes-slider\" data-margin=30 data-1500up=3 data-1200-1499=3 data-992-1199=3 data-768-991=3 data-640-767=2 data-480-639=2 data-0-479=1 data-navigation=1 data-pagination=0 data-speed=500 data-loop=0 data-auto=0><div class=\"woocommerce columns-1 \"><\/div><\/div>[\/vc_tta_section][\/vc_tta_tour][\/vc_column][\/vc_row][vc_row disable_element=&#8221;yes&#8221;][vc_column]<div class=\"heading-title style1 \"><div class=\"heading-title-inner\"><h3><span>Featured Products<\/span><\/h3><\/div><\/div><div class=\"roadthemes-products navigation-style2 featured_products product-grid roadthemes-slider\" data-margin=30 data-1500up=4 data-1200-1499=4 data-992-1199=3 data-768-991=2 data-640-767=2 data-480-639=2 data-0-479=1 data-navigation=1 data-pagination=0 data-speed=500 data-loop=0 data-auto=0><div class=\"woocommerce columns-1 \"><\/div><\/div>[\/vc_column][\/vc_row][vc_row full_width=&#8221;stretch_row_content&#8221; disable_element=&#8221;yes&#8221; el_class=&#8221;large-content&#8221;][vc_column width=&#8221;1\/2&#8243;]<div class=\"roadthemes-static-1 style2\"><div class=\"static-image\"><img src=\"https:\/\/villa-verde.eu\/wp-content\/uploads\/2019\/01\/home1-banner2-1.jpg\" alt=\"Static image\"\/><\/div><div class=\"static-content\"><div class=\"static-title\"><h3>BLACK FRIDAY<\/h3><\/div><div class = \"static-text\">\n<h3>Save Up To<\/h3>\n<h3>50% Off<\/h3>\n<\/div><div class=\"static-link\"><a href=\" http:\/\/demo.roadthemes.com\/ginza\/shop\/ \"> View collection<\/a><\/div><\/div><\/div>[\/vc_column][vc_column width=&#8221;1\/2&#8243;]<div class=\"roadthemes-static-1 style2\"><div class=\"static-image\"><img src=\"https:\/\/villa-verde.eu\/wp-content\/uploads\/2019\/01\/home1-banner2-2.jpg\" alt=\"Static image\"\/><\/div><div class=\"static-content\"><div class=\"static-title\"><h3>BEST SELLING !<\/h3><\/div><div class = \"static-text\">\n<h3>Living Room<\/h3>\n<h3>Up To 70% Off<\/h3>\n<\/div><div class=\"static-link\"><a href=\" http:\/\/demo.roadthemes.com\/ginza\/shop\/ \"> View collection<\/a><\/div><\/div><\/div>[\/vc_column][\/vc_row][vc_row full_width=&#8221;stretch_row_content&#8221; gap=&#8221;20&#8243; disable_element=&#8221;yes&#8221;][vc_column width=&#8221;1\/2&#8243;][vc_single_image image=&#8221;1230&#8243; img_size=&#8221;full&#8221;][\/vc_column][vc_column width=&#8221;1\/2&#8243; css=&#8221;.vc_custom_1611587361938{padding-right: 100px !important;}&#8221;]<div class=\"heading-title style1 \"><div class=\"heading-title-inner\"><h3><span>About us<\/span><\/h3><p>Information about our company<\/p><\/div><\/div>[vc_column_text]I am text block. Click edit button to change this text. Lorem ipsum dolor sit amet, consectetur adipiscing elit. Ut elit tellus, luctus nec ullamcorper mattis, pulvinar dapibus leo. I am text block. Click edit button to change this text. Lorem ipsum dolor sit amet, consectetur adipiscing elit. Ut elit tellus, luctus nec ullamcorper mattis, pulvinar dapibus leo. I am text block. Click edit button to change this text. Lorem ipsum dolor sit amet, consectetur adipiscing elit. Ut elit tellus, luctus nec ullamcorper mattis, pulvinar dapibus leo.[\/vc_column_text][vc_column_text]I am text block. Click edit button to change this text. Lorem ipsum dolor sit amet, consectetur adipiscing elit. Ut elit tellus, luctus nec ullamcorper mattis, pulvinar dapibus leo. I am text block. Click edit button to change this text. Lorem ipsum dolor sit amet, consectetur adipiscing elit. Ut elit tellus, luctus nec ullamcorper mattis, pulvinar dapibus leo. I am text block. Click edit button to change this text. Lorem ipsum dolor sit amet, consectetur adipiscing elit. Ut elit tellus, luctus nec ullamcorper mattis, pulvinar dapibus leo.[\/vc_column_text][vc_column_text]I am text block. Click edit button to change this text. Lorem ipsum dolor sit amet, consectetur adipiscing elit. Ut elit tellus, luctus nec ullamcorper mattis, pulvinar dapibus leo. I am text block. Click edit button to change this text. Lorem ipsum dolor sit amet, consectetur adipiscing elit. Ut elit tellus, luctus nec ullamcorper mattis, pulvinar dapibus leo. I am text block. Click edit button to change this text. Lorem ipsum dolor sit amet, consectetur adipiscing elit. Ut elit tellus, luctus nec ullamcorper mattis, pulvinar dapibus leo.[\/vc_column_text][vc_btn title=&#8221;Read more&#8221; style=&#8221;outline&#8221; shape=&#8221;square&#8221; color=&#8221;black&#8221;][\/vc_column][\/vc_row][vc_row disable_element=&#8221;yes&#8221;][vc_column]<div class=\"testimonials-wrapper navigation-style1 style1\" data-navigation=0 data-pagination=1 data-speed=500 data-loop=0 data-auto=0>\t\t<div class=\"widget widget_woothemes_testimonials\">\n<div class=\"testimonials component effect-fade\">\n<div class=\"testimonials-list\">\n<div id=\"quote-308\" class=\"quote first\" itemprop=\"review\" itemscope itemtype=\"http:\/\/schema.org\/Review\"><blockquote class=\"testimonials-text\" itemprop=\"reviewBody\"><p>\t\t\t\tThese guys have been absolutely outstanding. Perfect Themes and the best of all that you have many options to choose! Best Support team ever! Very fast responding! Thank you very much! I highly recommend this theme and these people!\t\t<\/p>\n<\/blockquote><a href=\"http:\/\/roadthemes.com\/\" class=\"avatar-link\"><img width=\"150\" height=\"150\" src=\"https:\/\/villa-verde.eu\/wp-content\/uploads\/2018\/04\/testimonial3-150x150.jpg\" class=\"avatar wp-post-image\" alt=\"\" loading=\"lazy\" srcset=\"https:\/\/villa-verde.eu\/wp-content\/uploads\/2018\/04\/testimonial3-150x150.jpg 150w, https:\/\/villa-verde.eu\/wp-content\/uploads\/2018\/04\/testimonial3-300x300.jpg 300w, https:\/\/villa-verde.eu\/wp-content\/uploads\/2018\/04\/testimonial3.jpg 400w\" sizes=\"(max-width: 150px) 100vw, 150px\" \/><\/a> <cite class=\"author\" itemprop=\"author\" itemscope itemtype=\"http:\/\/schema.org\/Person\"><span itemprop=\"name\">John Sullivan<\/span> <span class=\"title\" itemprop=\"jobTitle\">Customer<\/span><!--\/.title-->\n<\/cite><!--\/.author-->\n<\/div><div id=\"quote-309\" class=\"quote\" itemprop=\"review\" itemscope itemtype=\"http:\/\/schema.org\/Review\"><blockquote class=\"testimonials-text\" itemprop=\"reviewBody\"><p>\t\t\t\tCode, template and others are very good. The support has served me immediately and solved my problems when I need help. Are to be congratulated.\t\t<\/p>\n<\/blockquote><img width=\"150\" height=\"150\" src=\"https:\/\/villa-verde.eu\/wp-content\/uploads\/2018\/04\/testimonial2-150x150.jpg\" class=\"avatar wp-post-image\" alt=\"\" loading=\"lazy\" srcset=\"https:\/\/villa-verde.eu\/wp-content\/uploads\/2018\/04\/testimonial2-150x150.jpg 150w, https:\/\/villa-verde.eu\/wp-content\/uploads\/2018\/04\/testimonial2-300x300.jpg 300w, https:\/\/villa-verde.eu\/wp-content\/uploads\/2018\/04\/testimonial2.jpg 400w\" sizes=\"(max-width: 150px) 100vw, 150px\" \/> <cite class=\"author\" itemprop=\"author\" itemscope itemtype=\"http:\/\/schema.org\/Person\"><span itemprop=\"name\">Jenifer Brown<\/span> <span class=\"title\" itemprop=\"jobTitle\">Manager of AZ<\/span><!--\/.title-->\n<\/cite><!--\/.author-->\n<\/div><div id=\"quote-1169\" class=\"quote last\" itemprop=\"review\" itemscope itemtype=\"http:\/\/schema.org\/Review\"><blockquote class=\"testimonials-text\" itemprop=\"reviewBody\"><p>\t\t\t\tSupport and response has been amazing, helping me with several issues I came across and got them solved almost the same day. A pleasure to work with them!\t\t<\/p>\n<\/blockquote><a href=\"http:\/\/roadthemes.com\/\" class=\"avatar-link\"><img width=\"150\" height=\"150\" src=\"https:\/\/villa-verde.eu\/wp-content\/uploads\/2018\/04\/testimonial1-150x150.jpg\" class=\"avatar wp-post-image\" alt=\"\" loading=\"lazy\" srcset=\"https:\/\/villa-verde.eu\/wp-content\/uploads\/2018\/04\/testimonial1-150x150.jpg 150w, https:\/\/villa-verde.eu\/wp-content\/uploads\/2018\/04\/testimonial1-300x300.jpg 300w\" sizes=\"(max-width: 150px) 100vw, 150px\" \/><\/a> <cite class=\"author\" itemprop=\"author\" itemscope itemtype=\"http:\/\/schema.org\/Person\"><span itemprop=\"name\">Kathy Young<\/span> <span class=\"title\" itemprop=\"jobTitle\">CEO of SunPark<\/span><!--\/.title-->\n<\/cite><!--\/.author-->\n<\/div><\/div><!--\/.testimonials-list-->\n<div class=\"fix\"><\/div>\n<\/div><!--\/.testimonials-->\n<\/div>\n\t\r\n\t<\/div>[\/vc_column][\/vc_row][vc_row disable_element=&#8221;yes&#8221;][vc_column]<div class=\"heading-title style1 \"><div class=\"heading-title-inner\"><h3><span>Title<\/span><\/h3><\/div><\/div><div class=\"heading-title style1 \"><div class=\"heading-title-inner\"><h3><span>Unsere Produktreihe<\/span><\/h3><\/div><\/div>[\/vc_column][\/vc_row]<\/p>\n","protected":false},"excerpt":{"rendered":"<p>[vc_row full_width=&#8221;stretch_row_content_no_spaces&#8221; css=&#8221;.vc_custom_1546846330937{margin-bottom: 30px !important;}&#8221;][vc_column][rev_slider_vc alias=&#8221;home-slider-eng-1&#8243;][\/vc_column][\/vc_row][vc_row full_width=&#8221;stretch_row&#8221; css_animation=&#8221;fadeInLeft&#8221; css=&#8221;.vc_custom_1616438718928{padding-top: 70px !important;}&#8221; bb_sm_mode=&#8221;yes&#8221; el_class=&#8221;about-policy fix-bottom-space&#8221;][vc_column css_animation=&#8221;fadeInUp&#8221; width=&#8221;1\/3&#8243;][vc_single_image image=&#8221;1264&#8243; alignment=&#8221;center&#8221; css_animation=&#8221;none&#8221; el_class=&#8221;about-policy fix-bottom-space&#8221;][vc_column_text] Wir liefern unsere Produkte weltweit in 30 L\u00e4nder [\/vc_column_text][\/vc_column][vc_column css_animation=&#8221;fadeInUp&#8221; width=&#8221;1\/3&#8243;][vc_single_image image=&#8221;1265&#8243; alignment=&#8221;center&#8221; css_animation=&#8221;none&#8221; el_class=&#8221;about-policy fix-bottom-space&#8221;][vc_column_text] Wir sind Kerzenhersteller seit 1999 \u00a0 [\/vc_column_text][\/vc_column][vc_column css_animation=&#8221;fadeInUp&#8221; width=&#8221;1\/3&#8243;][vc_single_image image=&#8221;1266&#8243; alignment=&#8221;center&#8221; el_class=&#8221;about-policy fix-bottom-space&#8221;][vc_column_text]<\/p>\n","protected":false},"author":3,"featured_media":0,"parent":0,"menu_order":0,"comment_status":"closed","ping_status":"closed","template":"page-templates\/front-page.php","meta":[],"_links":{"self":[{"href":"https:\/\/villa-verde.eu\/de\/wp-json\/wp\/v2\/pages\/2823"}],"collection":[{"href":"https:\/\/villa-verde.eu\/de\/wp-json\/wp\/v2\/pages"}],"about":[{"href":"https:\/\/villa-verde.eu\/de\/wp-json\/wp\/v2\/types\/page"}],"author":[{"embeddable":true,"href":"https:\/\/villa-verde.eu\/de\/wp-json\/wp\/v2\/users\/3"}],"replies":[{"embeddable":true,"href":"https:\/\/villa-verde.eu\/de\/wp-json\/wp\/v2\/comments?post=2823"}],"version-history":[{"count":22,"href":"https:\/\/villa-verde.eu\/de\/wp-json\/wp\/v2\/pages\/2823\/revisions"}],"predecessor-version":[{"id":13160,"href":"https:\/\/villa-verde.eu\/de\/wp-json\/wp\/v2\/pages\/2823\/revisions\/13160"}],"wp:attachment":[{"href":"https:\/\/villa-verde.eu\/de\/wp-json\/wp\/v2\/media?parent=2823"}],"curies":[{"name":"wp","href":"https:\/\/api.w.org\/{rel}","templated":true}]}}