{"id":2681,"date":"2021-05-16T12:19:32","date_gmt":"2021-05-16T12:19:32","guid":{"rendered":"https:\/\/villa-verde.eu\/?page_id=2681"},"modified":"2022-03-03T08:53:48","modified_gmt":"2022-03-03T08:53:48","slug":"kontakt","status":"publish","type":"page","link":"https:\/\/villa-verde.eu\/cs\/kontakt\/","title":{"rendered":"Kontakt"},"content":{"rendered":"<p>[vc_row disable_element=&#8221;yes&#8221;][vc_column width=&#8221;1\/2&#8243; el_class=&#8221;contact-text&#8221; offset=&#8221;vc_col-lg-3 vc_col-md-3&#8243;][vc_column_text]<\/p>\n<h3>Contact Us<\/h3>\n<p>[\/vc_column_text][vc_column_text]<\/p>\n<ul>\n<li><i class=\"fa fa-home\" aria-hidden=\"true\">icon<\/i><br \/>\n<h4>Address<\/h4>\n<p>123 Main Street, Anytown, CA 12345 &#8211; USA<\/li>\n<li><i class=\"fa fa-envelope-open-o\" aria-hidden=\"true\">icon<\/i><br \/>\n<h4>Phone<\/h4>\n<p>Mobile: (08) 123 456 789<br \/>\nHotline: 1009 678 456<\/li>\n<li><i class=\"fa fa-phone\" aria-hidden=\"true\">icon<\/i><br \/>\n<h4>Email<\/h4>\n<p>yourmail@domain.com<br \/>\nsupport@roadthemes.com<\/li>\n<\/ul>\n<p>[\/vc_column_text][\/vc_column][vc_column width=&#8221;1\/2&#8243; el_class=&#8221;contact-form&#8221; offset=&#8221;vc_col-lg-8 vc_col-md-8&#8243;][\/vc_column][\/vc_row][vc_row full_width=&#8221;stretch_row_content_no_spaces&#8221;][vc_column][vc_gmaps link=&#8221;#E-8_JTNDaWZyYW1lJTIwc3JjJTNEJTIyaHR0cHMlM0ElMkYlMkZ3d3cuZ29vZ2xlLmNvbSUyRm1hcHMlMkZlbWJlZCUzRnBiJTNEJTIxMW0xNCUyMTFtOCUyMTFtMyUyMTFkMTAyMjkuNjgxNTAwMDIxNzkyJTIxMmQyMC44OTg4MDg4JTIxM2Q1MC4xMzQ1NjczJTIxM20yJTIxMWkxMDI0JTIxMmk3NjglMjE0ZjEzLjElMjEzbTMlMjExbTIlMjExczB4MCUyNTNBMHg1MGNiYzg0YTBkYWZhYjY0JTIxMnNWaWxsYSUyNTIwVmVyZGUlMjUyMFNwLiUyNTIweiUyNTIwby5vLiUyMTVlMCUyMTNtMiUyMTFzcGwlMjEyc3BsJTIxNHYxNjE1ODQwNjg5ODI4JTIxNW0yJTIxMXNwbCUyMTJzcGwlMjIlMjB3aWR0aCUzRCUyMjYwMCUyMiUyMGhlaWdodCUzRCUyMjQ1MCUyMiUyMHN0eWxlJTNEJTIyYm9yZGVyJTNBMCUzQiUyMiUyMGFsbG93ZnVsbHNjcmVlbiUzRCUyMiUyMiUyMGxvYWRpbmclM0QlMjJsYXp5JTIyJTNFJTNDJTJGaWZyYW1lJTNF&#8221;][\/vc_column][\/vc_row][vc_row][vc_column width=&#8221;1\/2&#8243;][vc_column_text]<span style=\"font-family: 'times new roman', times, serif;\"><strong><span style=\"font-size: 18px;\">Kontaktn\u00ed \u00fadaje<\/span><\/strong><\/span>[\/vc_column_text][vc_row_inner][vc_column_inner width=&#8221;1\/2&#8243;][vc_column_text]<\/p>\n<div class=\"contact-box \">\n<p><strong><span style=\"font-size: 15px;\">Obchodn\u00ed odd\u011blen\u00ed \u010cesk\u00e1 Republika<br \/>\n<\/span><\/strong>Radek Mrkvicka<br \/>\nObchodn\u00ed z\u00e1stupce<br \/>\n<a href=\"tel:+420 777 568 361\">+420 777 568 361<\/a><\/p>\n<\/div>\n<p>[\/vc_column_text][vc_separator][vc_column_text]<\/p>\n<div class=\"contact-box \">\n<p><strong><span style=\"font-size: 15px;\">Obchodn\u00ed odd\u011blen\u00ed Polsko<br \/>\n<\/span><\/strong>Micha\u0142 W\u00f3jcik<br \/>\nMana\u017eer prodeje<br \/>\n<a href=\"tel:+48664941928\">+48 664 941 928<\/a><br \/>\n<a href=\"mailto:michal.wojcik@villa-verde.eu\">michal.wojcik@villa-verde.e<\/a><\/p>\n<\/div>\n<p>[\/vc_column_text][vc_separator][vc_column_text]<\/p>\n<div class=\"contact-box \">\n<p><strong><span style=\"font-size: 15px;\">Zahrani\u010dn\u00ed obchodn\u00ed odd\u011blen\u00ed v N\u011bmecku<br \/>\n<\/span><\/strong>Boris Ramb<br \/>\nInternational Sales Manager<br \/>\nMezin\u00e1rodn\u00ed mana\u017eer prodeje<br \/>\n<a href=\"tel:+49266294979110\">+49 266 294 979 110<\/a><br \/>\n<a href=\"mailto:boris.ramb@villa-verde.eu\">boris.ramb@villa-verde.eu<\/a><\/p>\n<\/div>\n<p>[\/vc_column_text][\/vc_column_inner][vc_column_inner width=&#8221;1\/2&#8243;][vc_column_text]<\/p>\n<div class=\"contact-box \">\n<p><strong><span style=\"font-size: 15px;\">Odd\u011blen\u00ed logistiky<br \/>\n<\/span><\/strong>Magdalena Hellmann<br \/>\nMana\u017eer logistiky<br \/>\n<a href=\"tel:+48664941927\">+48 664 941 927<\/a><br \/>\n<a href=\"mailto:magdalena.hellmann@villa-verde.eu\">magdalena.hellmann@villa-verde.eu<\/a><\/p>\n<\/div>\n<p>[\/vc_column_text][vc_separator][vc_column_text]<\/p>\n<div class=\"contact-box \">\n<p><strong><span style=\"font-size: 15px;\">Odd\u011blen\u00ed slu\u017eeb online obchodu<br \/>\n<\/span><\/strong>Joanna Czosnyka-Czerwi\u0144ska<br \/>\nSpecialista prodeje<br \/>\n<a href=\"tel:+48146460739\">+48 14 646 07 39<\/a><br \/>\n<a href=\"mailto:joanna.czosnyka@villa-verde.eu\">joanna.czosnyka@villa-verde.eu<\/a><\/p>\n<\/div>\n<p>[\/vc_column_text][\/vc_column_inner][\/vc_row_inner][\/vc_column][vc_column width=&#8221;1\/2&#8243;][vc_column_text]<strong><span style=\"font-size: 18px;\">Kontaktn\u00ed formul\u00e1\u0159<\/span><\/strong>[\/vc_column_text]<div role=\"form\" class=\"wpcf7\" id=\"wpcf7-f12531-o1\" lang=\"en-US\" dir=\"ltr\">\n<div class=\"screen-reader-response\"><p role=\"status\" aria-live=\"polite\" aria-atomic=\"true\"><\/p> <ul><\/ul><\/div>\n<form action=\"\/cs\/wp-json\/wp\/v2\/pages\/2681#wpcf7-f12531-o1\" method=\"post\" class=\"wpcf7-form init\" novalidate=\"novalidate\" data-status=\"init\">\n<div style=\"display: none;\">\n<input type=\"hidden\" name=\"_wpcf7\" value=\"12531\" \/>\n<input type=\"hidden\" name=\"_wpcf7_version\" value=\"5.4.1\" \/>\n<input type=\"hidden\" name=\"_wpcf7_locale\" value=\"en_US\" \/>\n<input type=\"hidden\" name=\"_wpcf7_unit_tag\" value=\"wpcf7-f12531-o1\" \/>\n<input type=\"hidden\" name=\"_wpcf7_container_post\" value=\"0\" \/>\n<input type=\"hidden\" name=\"_wpcf7_posted_data_hash\" value=\"\" \/>\n<input type=\"hidden\" name=\"_wpcf7_recaptcha_response\" value=\"\" \/>\n<\/div>\n<p><label> Jm\u00e9no a P\u0159\u00edjmen\u00ed<br \/>\n    <span class=\"wpcf7-form-control-wrap your-name\"><input type=\"text\" name=\"your-name\" value=\"\" size=\"40\" class=\"wpcf7-form-control wpcf7-text wpcf7-validates-as-required\" aria-required=\"true\" aria-invalid=\"false\" \/><\/span> <\/label><\/p>\n<p><label> E-mail<br \/>\n    <span class=\"wpcf7-form-control-wrap your-email\"><input type=\"email\" name=\"your-email\" value=\"\" size=\"40\" class=\"wpcf7-form-control wpcf7-text wpcf7-email wpcf7-validates-as-required wpcf7-validates-as-email\" aria-required=\"true\" aria-invalid=\"false\" \/><\/span> <\/label><\/p>\n<p><label> T\u00e9ma<br \/>\n    <span class=\"wpcf7-form-control-wrap your-subject\"><input type=\"text\" name=\"your-subject\" value=\"\" size=\"40\" class=\"wpcf7-form-control wpcf7-text\" aria-invalid=\"false\" \/><\/span> <\/label><\/p>\n<p><label> Zpr\u00e1va<br \/>\n    <span class=\"wpcf7-form-control-wrap your-message\"><textarea name=\"your-message\" cols=\"40\" rows=\"10\" class=\"wpcf7-form-control wpcf7-textarea\" aria-invalid=\"false\"><\/textarea><\/span> <\/label><\/p>\n<span class=\"wpcf7-form-control-wrap recaptcha\"><span data-sitekey=\"6LduiNgaAAAAAHpxN1yYgWlEYkRiDwT24f7O6uap\" class=\"wpcf7-form-control g-recaptcha wpcf7-recaptcha\"><\/span>\r\n<noscript>\r\n\t<div class=\"grecaptcha-noscript\">\r\n\t\t<iframe src=\"https:\/\/www.google.com\/recaptcha\/api\/fallback?k=6LduiNgaAAAAAHpxN1yYgWlEYkRiDwT24f7O6uap\" frameborder=\"0\" scrolling=\"no\" width=\"310\" height=\"430\">\r\n\t\t<\/iframe>\r\n\t\t<textarea name=\"g-recaptcha-response\" rows=\"3\" cols=\"40\" placeholder=\"reCaptcha Response Here\">\r\n\t\t<\/textarea>\r\n\t<\/div>\r\n<\/noscript>\r\n<\/span>\n<p><input type=\"submit\" value=\"Poslat\" class=\"wpcf7-form-control wpcf7-submit\" \/><\/p>\n<div class=\"wpcf7-response-output\" aria-hidden=\"true\"><\/div><\/form><\/div>[\/vc_column][\/vc_row]<\/p>\n","protected":false},"excerpt":{"rendered":"<p>[vc_row disable_element=&#8221;yes&#8221;][vc_column width=&#8221;1\/2&#8243; el_class=&#8221;contact-text&#8221; offset=&#8221;vc_col-lg-3 vc_col-md-3&#8243;][vc_column_text] Contact Us [\/vc_column_text][vc_column_text] icon Address 123 Main Street, Anytown, CA 12345 &#8211; USA icon Phone Mobile: (08) 123 456 789 Hotline: 1009 678 456 icon Email yourmail@domain.com support@roadthemes.com [\/vc_column_text][\/vc_column][vc_column width=&#8221;1\/2&#8243; el_class=&#8221;contact-form&#8221; offset=&#8221;vc_col-lg-8 vc_col-md-8&#8243;][\/vc_column][\/vc_row][vc_row full_width=&#8221;stretch_row_content_no_spaces&#8221;][vc_column][vc_gmaps link=&#8221;#E-8_JTNDaWZyYW1lJTIwc3JjJTNEJTIyaHR0cHMlM0ElMkYlMkZ3d3cuZ29vZ2xlLmNvbSUyRm1hcHMlMkZlbWJlZCUzRnBiJTNEJTIxMW0xNCUyMTFtOCUyMTFtMyUyMTFkMTAyMjkuNjgxNTAwMDIxNzkyJTIxMmQyMC44OTg4MDg4JTIxM2Q1MC4xMzQ1NjczJTIxM20yJTIxMWkxMDI0JTIxMmk3NjglMjE0ZjEzLjElMjEzbTMlMjExbTIlMjExczB4MCUyNTNBMHg1MGNiYzg0YTBkYWZhYjY0JTIxMnNWaWxsYSUyNTIwVmVyZGUlMjUyMFNwLiUyNTIweiUyNTIwby5vLiUyMTVlMCUyMTNtMiUyMTFzcGwlMjEyc3BsJTIxNHYxNjE1ODQwNjg5ODI4JTIxNW0yJTIxMXNwbCUyMTJzcGwlMjIlMjB3aWR0aCUzRCUyMjYwMCUyMiUyMGhlaWdodCUzRCUyMjQ1MCUyMiUyMHN0eWxlJTNEJTIyYm9yZGVyJTNBMCUzQiUyMiUyMGFsbG93ZnVsbHNjcmVlbiUzRCUyMiUyMiUyMGxvYWRpbmclM0QlMjJsYXp5JTIyJTNFJTNDJTJGaWZyYW1lJTNF&#8221;][\/vc_column][\/vc_row][vc_row][vc_column width=&#8221;1\/2&#8243;][vc_column_text]Kontaktn\u00ed \u00fadaje[\/vc_column_text][vc_row_inner][vc_column_inner width=&#8221;1\/2&#8243;][vc_column_text] Obchodn\u00ed odd\u011blen\u00ed \u010cesk\u00e1 Republika Radek Mrkvicka<\/p>\n","protected":false},"author":3,"featured_media":0,"parent":0,"menu_order":0,"comment_status":"closed","ping_status":"closed","template":"page-templates\/contact-page.php","meta":[],"_links":{"self":[{"href":"https:\/\/villa-verde.eu\/cs\/wp-json\/wp\/v2\/pages\/2681"}],"collection":[{"href":"https:\/\/villa-verde.eu\/cs\/wp-json\/wp\/v2\/pages"}],"about":[{"href":"https:\/\/villa-verde.eu\/cs\/wp-json\/wp\/v2\/types\/page"}],"author":[{"embeddable":true,"href":"https:\/\/villa-verde.eu\/cs\/wp-json\/wp\/v2\/users\/3"}],"replies":[{"embeddable":true,"href":"https:\/\/villa-verde.eu\/cs\/wp-json\/wp\/v2\/comments?post=2681"}],"version-history":[{"count":7,"href":"https:\/\/villa-verde.eu\/cs\/wp-json\/wp\/v2\/pages\/2681\/revisions"}],"predecessor-version":[{"id":12538,"href":"https:\/\/villa-verde.eu\/cs\/wp-json\/wp\/v2\/pages\/2681\/revisions\/12538"}],"wp:attachment":[{"href":"https:\/\/villa-verde.eu\/cs\/wp-json\/wp\/v2\/media?parent=2681"}],"curies":[{"name":"wp","href":"https:\/\/api.w.org\/{rel}","templated":true}]}}