{"id":12041,"date":"2021-03-14T20:02:37","date_gmt":"2021-03-14T20:02:37","guid":{"rendered":"https:\/\/villa-verde.eu\/pogrzewacze-bezzapachowe\/"},"modified":"2022-03-02T13:47:14","modified_gmt":"2022-03-02T13:47:14","slug":"nepachnouci-ohrivace","status":"publish","type":"page","link":"https:\/\/villa-verde.eu\/cs\/nepachnouci-ohrivace\/","title":{"rendered":"Nep\u00e1chnouc\u00ed oh\u0159\u00edva\u010de"},"content":{"rendered":"<p>[vc_row][vc_column css=&#8221;.vc_custom_1616281115192{margin-bottom: -70px !important;}&#8221;][vc_column_text css=&#8221;.vc_custom_1646037846781{margin-bottom: px !important;}&#8221;]<\/p>\n<p lang=\"cs-CZ\" align=\"left\"><span style=\"color: #000000;\"><strong><span style=\"font-family: 'times new roman', times, serif; font-size: 46px;\">Klasick\u00e9 oh\u0159\u00edva\u010de s nep\u00e1chnouc\u00edmi vlastnostmi<\/span><\/strong><\/span><\/p>\n<p lang=\"cs-CZ\" align=\"left\"><span style=\"font-family: 'times new roman', times, serif; font-size: 26px;\">Dv\u011b velikostn\u00ed a materi\u00e1ln\u00ed verze<\/span><\/p>\n<p>[\/vc_column_text][\/vc_column][\/vc_row][vc_row][vc_column width=&#8221;1\/6&#8243; css=&#8221;.vc_custom_1616281090145{margin-top: 80px !important;}&#8221;][vc_single_image image=&#8221;11987&#8243; img_size=&#8221;180&#215;170&#8243; alignment=&#8221;center&#8221; css_animation=&#8221;flipInX&#8221;][\/vc_column][vc_column width=&#8221;1\/6&#8243; css=&#8221;.vc_custom_1616281071484{margin-top: 80px !important;}&#8221;][vc_single_image image=&#8221;11988&#8243; img_size=&#8221;176&#215;166&#8243; alignment=&#8221;center&#8221; css_animation=&#8221;flipInX&#8221; css=&#8221;.vc_custom_1646228725665{margin-left: -80px !important;}&#8221;][\/vc_column][vc_column width=&#8221;1\/6&#8243; css=&#8221;.vc_custom_1616281060508{margin-top: 80px !important;}&#8221;][vc_single_image image=&#8221;2145&#8243; img_size=&#8221;180&#215;170&#8243; alignment=&#8221;center&#8221; css_animation=&#8221;flipInX&#8221; css=&#8221;.vc_custom_1616280849808{margin-left: -150px !important;}&#8221;][\/vc_column][vc_column width=&#8221;3\/6&#8243;][vc_single_image image=&#8221;2096&#8243; img_size=&#8221;full&#8221; alignment=&#8221;center&#8221; css=&#8221;.vc_custom_1616280912300{margin-left: -80px !important;}&#8221;][\/vc_column][\/vc_row][vc_row][vc_column][vc_tta_tabs style=&#8221;flat&#8221; alignment=&#8221;center&#8221; active_section=&#8221;1&#8243;][vc_tta_section title=&#8221;V\u0161e&#8221; tab_id=&#8221;1615314525859-79fcf09b-9a58&#8243;]<div class=\"woocommerce columns-4 \"><\/div>[\/vc_tta_section][vc_tta_section title=&#8221;4 hodinov\u00e9&#8221; tab_id=&#8221;1615314461367-93d2367a-d394&#8243;]<div class=\"woocommerce columns-4 \"><\/div>[\/vc_tta_section][vc_tta_section title=&#8221;8 hodinov\u00e9&#8221; tab_id=&#8221;1615314461383-08345a3b-6921&#8243;]<div class=\"woocommerce columns-4 \"><\/div>[\/vc_tta_section][\/vc_tta_tabs][\/vc_column][\/vc_row]<\/p>\n","protected":false},"excerpt":{"rendered":"<p>[vc_row][vc_column css=&#8221;.vc_custom_1616281115192{margin-bottom: -70px !important;}&#8221;][vc_column_text css=&#8221;.vc_custom_1646037846781{margin-bottom: px !important;}&#8221;] Klasick\u00e9 oh\u0159\u00edva\u010de s nep\u00e1chnouc\u00edmi vlastnostmi Dv\u011b velikostn\u00ed a materi\u00e1ln\u00ed verze [\/vc_column_text][\/vc_column][\/vc_row][vc_row][vc_column width=&#8221;1\/6&#8243; css=&#8221;.vc_custom_1616281090145{margin-top: 80px !important;}&#8221;][vc_single_image image=&#8221;11987&#8243; img_size=&#8221;180&#215;170&#8243; alignment=&#8221;center&#8221; css_animation=&#8221;flipInX&#8221;][\/vc_column][vc_column width=&#8221;1\/6&#8243; css=&#8221;.vc_custom_1616281071484{margin-top: 80px !important;}&#8221;][vc_single_image image=&#8221;11988&#8243; img_size=&#8221;176&#215;166&#8243; alignment=&#8221;center&#8221; css_animation=&#8221;flipInX&#8221; css=&#8221;.vc_custom_1646228725665{margin-left: -80px !important;}&#8221;][\/vc_column][vc_column width=&#8221;1\/6&#8243; css=&#8221;.vc_custom_1616281060508{margin-top: 80px !important;}&#8221;][vc_single_image image=&#8221;2145&#8243; img_size=&#8221;180&#215;170&#8243; alignment=&#8221;center&#8221; css_animation=&#8221;flipInX&#8221; css=&#8221;.vc_custom_1616280849808{margin-left: -150px !important;}&#8221;][\/vc_column][vc_column width=&#8221;3\/6&#8243;][vc_single_image image=&#8221;2096&#8243;<\/p>\n","protected":false},"author":1,"featured_media":0,"parent":0,"menu_order":0,"comment_status":"closed","ping_status":"closed","template":"page-templates\/about-page.php","meta":[],"_links":{"self":[{"href":"https:\/\/villa-verde.eu\/cs\/wp-json\/wp\/v2\/pages\/12041"}],"collection":[{"href":"https:\/\/villa-verde.eu\/cs\/wp-json\/wp\/v2\/pages"}],"about":[{"href":"https:\/\/villa-verde.eu\/cs\/wp-json\/wp\/v2\/types\/page"}],"author":[{"embeddable":true,"href":"https:\/\/villa-verde.eu\/cs\/wp-json\/wp\/v2\/users\/1"}],"replies":[{"embeddable":true,"href":"https:\/\/villa-verde.eu\/cs\/wp-json\/wp\/v2\/comments?post=12041"}],"version-history":[{"count":2,"href":"https:\/\/villa-verde.eu\/cs\/wp-json\/wp\/v2\/pages\/12041\/revisions"}],"predecessor-version":[{"id":12500,"href":"https:\/\/villa-verde.eu\/cs\/wp-json\/wp\/v2\/pages\/12041\/revisions\/12500"}],"wp:attachment":[{"href":"https:\/\/villa-verde.eu\/cs\/wp-json\/wp\/v2\/media?parent=12041"}],"curies":[{"name":"wp","href":"https:\/\/api.w.org\/{rel}","templated":true}]}}