{"id":12036,"date":"2021-03-14T20:15:11","date_gmt":"2021-03-14T20:15:11","guid":{"rendered":"https:\/\/villa-verde.eu\/swiece-zapachowe\/"},"modified":"2022-03-02T11:23:43","modified_gmt":"2022-03-02T11:23:43","slug":"vonne-svicky","status":"publish","type":"page","link":"https:\/\/villa-verde.eu\/cs\/vonne-svicky\/","title":{"rendered":"Vonn\u00e9 sv\u00ed\u010dky"},"content":{"rendered":"<p>[vc_row][vc_column width=&#8221;1\/2&#8243;][vc_column_text]<\/p>\n<p lang=\"cs-CZ\" align=\"left\"><span style=\"font-family: Calibri, serif; font-size: 46px;\"><b>Vonn\u00e9 sv\u00ed\u010dky<\/b><\/span><\/p>\n<p lang=\"cs-CZ\" align=\"left\"><span style=\"font-family: Calibri, serif;\"><span style=\"font-size: medium;\">Vonn\u00e9 noty p\u0159\u00edjemn\u011b p\u016fsob\u00ed na Va\u0161e pachov\u00e9 vjemy a s\u00a0t\u00edm spojen\u00e9 emoce.<\/span><\/span><\/p>\n<p>[\/vc_column_text][\/vc_column][vc_column width=&#8221;1\/2&#8243;][vc_column_text css_animation=&#8221;fadeInUp&#8221; css=&#8221;.vc_custom_1646040920036{margin-top: 10px !important;}&#8221;]<\/p>\n<p lang=\"cs-CZ\" style=\"text-align: center;\" align=\"left\"><span style=\"font-family: tahoma, arial, helvetica, sans-serif;\"><em><span style=\"font-size: 24px;\">&#8221; <\/span><\/em><\/span><span style=\"font-family: Calibri, serif; font-size: 26px;\">V\u0161e za\u010d\u00edn\u00e1 od v\u016fn\u011b<\/span><span style=\"font-family: tahoma, arial, helvetica, sans-serif;\"><em><span style=\"font-size: 24px;\">&#8220;<\/span><\/em><\/span><\/p>\n<p>[\/vc_column_text][vc_empty_space][vc_single_image image=&#8221;1980&#8243; img_size=&#8221;full&#8221; alignment=&#8221;center&#8221;][\/vc_column][\/vc_row][vc_row][vc_column][vc_tta_tabs alignment=&#8221;center&#8221; active_section=&#8221;1&#8243;][vc_tta_section title=&#8221;V\u0161echno &#8221; tab_id=&#8221;1615314525859-79fcf09b-9a58&#8243;][\/vc_tta_section][vc_tta_section title=&#8221;3 knotov\u00e9&#8221; tab_id=&#8221;1615314461367-93d2367a-d394&#8243;][\/vc_tta_section][vc_tta_section title=&#8221;Classic&#8221; tab_id=&#8221;1615314461383-08345a3b-6921&#8243;][\/vc_tta_section][vc_tta_section title=&#8221;Sleeve&#8221; tab_id=&#8221;1615314501731-519d6773-8bc3&#8243;][\/vc_tta_section][vc_tta_section title=&#8221;Sklenice s v\u00ed\u010dkem&#8221; tab_id=&#8221;1615751426323-1d1d297e-ca57&#8243;][\/vc_tta_section][\/vc_tta_tabs][\/vc_column][\/vc_row]<\/p>\n","protected":false},"excerpt":{"rendered":"<p>[vc_row][vc_column width=&#8221;1\/2&#8243;][vc_column_text] Vonn\u00e9 sv\u00ed\u010dky Vonn\u00e9 noty p\u0159\u00edjemn\u011b p\u016fsob\u00ed na Va\u0161e pachov\u00e9 vjemy a s\u00a0t\u00edm spojen\u00e9 emoce. [\/vc_column_text][\/vc_column][vc_column width=&#8221;1\/2&#8243;][vc_column_text css_animation=&#8221;fadeInUp&#8221; css=&#8221;.vc_custom_1646040920036{margin-top: 10px !important;}&#8221;] &#8221; V\u0161e za\u010d\u00edn\u00e1 od v\u016fn\u011b&#8220; [\/vc_column_text][vc_empty_space][vc_single_image image=&#8221;1980&#8243; img_size=&#8221;full&#8221; alignment=&#8221;center&#8221;][\/vc_column][\/vc_row][vc_row][vc_column][vc_tta_tabs alignment=&#8221;center&#8221; active_section=&#8221;1&#8243;][vc_tta_section title=&#8221;V\u0161echno &#8221; tab_id=&#8221;1615314525859-79fcf09b-9a58&#8243;][\/vc_tta_section][vc_tta_section title=&#8221;3 knotov\u00e9&#8221; tab_id=&#8221;1615314461367-93d2367a-d394&#8243;][\/vc_tta_section][vc_tta_section title=&#8221;Classic&#8221; tab_id=&#8221;1615314461383-08345a3b-6921&#8243;][\/vc_tta_section][vc_tta_section title=&#8221;Sleeve&#8221; tab_id=&#8221;1615314501731-519d6773-8bc3&#8243;][\/vc_tta_section][vc_tta_section title=&#8221;Sklenice s v\u00ed\u010dkem&#8221; tab_id=&#8221;1615751426323-1d1d297e-ca57&#8243;][\/vc_tta_section][\/vc_tta_tabs][\/vc_column][\/vc_row]<\/p>\n","protected":false},"author":1,"featured_media":0,"parent":0,"menu_order":0,"comment_status":"closed","ping_status":"closed","template":"page-templates\/about-page.php","meta":[],"_links":{"self":[{"href":"https:\/\/villa-verde.eu\/cs\/wp-json\/wp\/v2\/pages\/12036"}],"collection":[{"href":"https:\/\/villa-verde.eu\/cs\/wp-json\/wp\/v2\/pages"}],"about":[{"href":"https:\/\/villa-verde.eu\/cs\/wp-json\/wp\/v2\/types\/page"}],"author":[{"embeddable":true,"href":"https:\/\/villa-verde.eu\/cs\/wp-json\/wp\/v2\/users\/1"}],"replies":[{"embeddable":true,"href":"https:\/\/villa-verde.eu\/cs\/wp-json\/wp\/v2\/comments?post=12036"}],"version-history":[{"count":4,"href":"https:\/\/villa-verde.eu\/cs\/wp-json\/wp\/v2\/pages\/12036\/revisions"}],"predecessor-version":[{"id":12068,"href":"https:\/\/villa-verde.eu\/cs\/wp-json\/wp\/v2\/pages\/12036\/revisions\/12068"}],"wp:attachment":[{"href":"https:\/\/villa-verde.eu\/cs\/wp-json\/wp\/v2\/media?parent=12036"}],"curies":[{"name":"wp","href":"https:\/\/api.w.org\/{rel}","templated":true}]}}