{"id":12024,"date":"2021-02-03T21:17:22","date_gmt":"2021-02-03T21:17:22","guid":{"rendered":"https:\/\/villa-verde.eu\/wplyw-na-srodowisko\/"},"modified":"2022-03-02T11:32:36","modified_gmt":"2022-03-02T11:32:36","slug":"vliv-na-zivotni-prostredi","status":"publish","type":"page","link":"https:\/\/villa-verde.eu\/cs\/vliv-na-zivotni-prostredi\/","title":{"rendered":"Vliv na \u017eivotn\u00ed prost\u0159ed\u00ed"},"content":{"rendered":"<p>[vc_row el_class=&#8221;about-introduce&#8221;][vc_column]<div class=\"heading-title style1 \"><div class=\"heading-title-inner\"><h3><span>Balanced Production. Be Eco<\/span><\/h3><\/div><\/div>[\/vc_column][\/vc_row][vc_row full_width=&#8221;stretch_row&#8221;][vc_column][vc_row_inner el_class=&#8221;about-policy fix-bottom-space&#8221;][vc_column_inner width=&#8221;1\/4&#8243; css=&#8221;.vc_custom_1612387022674{background-color: #f3f3f3 !important;}&#8221;][vc_empty_space][vc_single_image image=&#8221;1345&#8243; img_size=&#8221;90&#215;90&#8243; alignment=&#8221;center&#8221;][vc_column_text]<\/p>\n<h4 style=\"text-align: center;\">Ingredients free from animal fat<\/h4>\n<p lang=\"cs-CZ\" style=\"text-align: center;\" align=\"left\"><span style=\"font-family: Calibri, serif;\"><span style=\"font-size: medium;\">Vynakl\u00e1d\u00e1me ve\u0161ker\u00e9 \u00fasil\u00ed k tomu, aby na\u0161e v\u00fdrobky a jejich slo\u017eky nebyly zv\u00ed\u0159ec\u00edho p\u016fvodu.<\/span><\/span><\/p>\n<p>[\/vc_column_text][\/vc_column_inner][vc_column_inner width=&#8221;1\/4&#8243;][vc_single_image image=&#8221;1393&#8243; img_size=&#8221;full&#8221; alignment=&#8221;center&#8221;][\/vc_column_inner][vc_column_inner width=&#8221;1\/4&#8243; css=&#8221;.vc_custom_1612387028004{background-color: #f3f3f3 !important;}&#8221;][vc_empty_space][vc_single_image image=&#8221;2317&#8243; img_size=&#8221;80&#215;80&#8243; alignment=&#8221;center&#8221;][vc_column_text]<\/p>\n<h4 style=\"text-align: center;\">Cruelty Free<\/h4>\n<p lang=\"cs-CZ\" style=\"text-align: center;\" align=\"left\"><span style=\"font-family: Calibri, serif;\"><span style=\"font-size: medium;\">Netestov\u00e1no na zv\u00ed\u0159atech.<\/span><\/span><\/p>\n<p>[\/vc_column_text][\/vc_column_inner][vc_column_inner width=&#8221;1\/4&#8243;][vc_single_image image=&#8221;1395&#8243; img_size=&#8221;full&#8221; alignment=&#8221;center&#8221;][\/vc_column_inner][\/vc_row_inner][vc_row_inner el_class=&#8221;about-policy fix-bottom-space&#8221;][vc_column_inner width=&#8221;1\/4&#8243;][vc_single_image image=&#8221;1395&#8243; img_size=&#8221;full&#8221; alignment=&#8221;center&#8221;][\/vc_column_inner][vc_column_inner width=&#8221;1\/4&#8243; css=&#8221;.vc_custom_1612387035806{background-color: #f3f3f3 !important;}&#8221;][vc_empty_space][vc_single_image image=&#8221;2315&#8243; img_size=&#8221;80&#215;80&#8243; alignment=&#8221;center&#8221;][vc_column_text]<\/p>\n<h4 style=\"text-align: center;\">Non-Toxic<\/h4>\n<p lang=\"cs-CZ\" style=\"text-align: center;\" align=\"left\"><span style=\"font-family: Calibri, serif;\"><span style=\"font-size: medium;\">Neobsahuj\u00ed parabeny, ftal\u00e1ty, barviva a a jejich pou\u017eit\u00ed je zcela bezpe\u010dn\u00e9<\/span><\/span><\/p>\n<p>[\/vc_column_text][\/vc_column_inner][vc_column_inner width=&#8221;1\/4&#8243;][vc_single_image image=&#8221;1393&#8243; img_size=&#8221;full&#8221; alignment=&#8221;center&#8221;][\/vc_column_inner][vc_column_inner width=&#8221;1\/4&#8243; css=&#8221;.vc_custom_1612387137072{background-color: #f3f3f3 !important;}&#8221;][vc_empty_space][vc_single_image image=&#8221;2313&#8243; img_size=&#8221;90&#215;75&#8243; alignment=&#8221;center&#8221;][vc_column_text]<\/p>\n<h4 style=\"text-align: center;\">Fully Vegan<\/h4>\n<p lang=\"cs-CZ\" style=\"text-align: center;\" align=\"left\"><span style=\"font-family: Calibri, serif;\"><span style=\"font-size: medium;\">Na\u0161e sv\u00ed\u010dky jsou 100% vegan<\/span><\/span><\/p>\n<p>[\/vc_column_text][\/vc_column_inner][\/vc_row_inner][vc_row_inner el_class=&#8221;about-policy fix-bottom-space&#8221;][vc_column_inner width=&#8221;1\/4&#8243; css=&#8221;.vc_custom_1612387022674{background-color: #f3f3f3 !important;}&#8221;][vc_empty_space][vc_single_image image=&#8221;2319&#8243; img_size=&#8221;80&#215;80&#8243; alignment=&#8221;center&#8221;][vc_column_text]<\/p>\n<h4 style=\"text-align: center;\">Recycled &amp; recycling Materials<\/h4>\n<p lang=\"cs-CZ\" style=\"text-align: center;\" align=\"left\"><span style=\"font-family: Calibri, serif;\"><span style=\"font-size: medium;\">Pou\u017eit\u00e9 materi\u00e1ly jsou recyklovateln\u00e9 a jednotliv\u00e9 prvky na\u0161\u00edch materi\u00e1l\u016f se sna\u017e\u00edme z\u00edsk\u00e1vat pr\u00e1v\u011b z\u00a0materi\u00e1l\u016f poch\u00e1zej\u00edc\u00edch z\u00a0recyclingu.<\/span><\/span><\/p>\n<p>[\/vc_column_text][\/vc_column_inner][vc_column_inner width=&#8221;1\/4&#8243;][vc_single_image image=&#8221;1393&#8243; img_size=&#8221;full&#8221; alignment=&#8221;center&#8221;][\/vc_column_inner][vc_column_inner width=&#8221;1\/4&#8243; css=&#8221;.vc_custom_1612387028004{background-color: #f3f3f3 !important;}&#8221;][vc_empty_space][vc_single_image image=&#8221;1348&#8243; img_size=&#8221;90&#215;90&#8243; alignment=&#8221;center&#8221;][vc_column_text]<\/p>\n<h4 style=\"text-align: center;\">0% waste<\/h4>\n<p lang=\"cs-CZ\" style=\"text-align: center;\" align=\"left\"><span style=\"font-family: Calibri, serif;\"><span style=\"font-size: medium;\">D\u00edky pe\u010dliv\u00e9mu dohledu nad cel\u00fdm v\u00fdrobn\u00edm procesem sv\u00ed\u010dek, jsme schopni pou\u017eit\u00fd materi\u00e1l pou\u017e\u00edt pro jeho op\u011btovn\u00e9 vyu\u017eit\u00ed.<\/span><\/span><\/p>\n<p>[\/vc_column_text][\/vc_column_inner][vc_column_inner width=&#8221;1\/4&#8243;][vc_single_image image=&#8221;1395&#8243; img_size=&#8221;full&#8221; alignment=&#8221;center&#8221;][\/vc_column_inner][\/vc_row_inner][\/vc_column][\/vc_row][vc_row disable_element=&#8221;yes&#8221;][vc_column offset=&#8221;vc_col-lg-6 vc_col-md-6&#8243;][vc_column_text]<\/p>\n<h3>What can we do for you ?<\/h3>\n<p>[\/vc_column_text][vc_tta_accordion][vc_tta_section title=&#8221;Nam liber tempor cum soluta nobis ?&#8221; tab_id=&#8221;1545810888087-23963840-6782&#8243;][vc_column_text]Adipiscing lacus ut elementum, nec duis, tempor litora turpis dapibus. Imperdiet cursus odio tortor in elementum. Egestas nunc eleifend feugiat lectus laoreet, vel nunc taciti integer cras. Hac pede dis, praesent nibh ac dui mauris sit. A nullam ut, tempus nulla. Rutrum orci sit commodo vivamus quam adipiscing, ullamcorper magna donec integer eget mauris quisque.[\/vc_column_text][\/vc_tta_section][vc_tta_section title=&#8221;Typi non habent claritatem insitam est usus legentis ?&#8221; tab_id=&#8221;1545810920316-61b1c2cf-0f7f&#8221;][vc_column_text]Adipiscing lacus ut elementum, nec duis, tempor litora turpis dapibus. Imperdiet cursus odio tortor in elementum. Egestas nunc eleifend feugiat lectus laoreet, vel nunc taciti integer cras. Hac pede dis, praesent nibh ac dui mauris sit. A nullam ut, tempus nulla. Rutrum orci sit commodo vivamus quam adipiscing, ullamcorper magna donec integer eget mauris quisque.[\/vc_column_text][\/vc_tta_section][vc_tta_section title=&#8221;Vitae ultricies gravida id justo consequat enim ?&#8221; tab_id=&#8221;1545810918920-c5ed5756-a65d&#8221;][vc_column_text]Adipiscing lacus ut elementum, nec duis, tempor litora turpis dapibus. Imperdiet cursus odio tortor in elementum. Egestas nunc eleifend feugiat lectus laoreet, vel nunc taciti integer cras. Hac pede dis, praesent nibh ac dui mauris sit. A nullam ut, tempus nulla. Rutrum orci sit commodo vivamus quam adipiscing, ullamcorper magna donec integer eget mauris quisque.[\/vc_column_text][\/vc_tta_section][vc_tta_section title=&#8221;Etiam ut ex ut tellus imperdiet interdum sit amet id orci.&#8221; tab_id=&#8221;1548990736230-808750df-4055&#8243;][vc_column_text]Adipiscing lacus ut elementum, nec duis, tempor litora turpis dapibus. Imperdiet cursus odio tortor in elementum. Egestas nunc eleifend feugiat lectus laoreet, vel nunc taciti integer cras. Hac pede dis, praesent nibh ac dui mauris sit. A nullam ut, tempus nulla. Rutrum orci sit commodo vivamus quam adipiscing, ullamcorper magna donec integer eget mauris quisque.[\/vc_column_text][\/vc_tta_section][vc_tta_section title=&#8221;Nam sapien sapien, lobortis vestibulum metus ac&#8221; tab_id=&#8221;1548990735182-6fb1d793-1bfc&#8221;][vc_column_text]Adipiscing lacus ut elementum, nec duis, tempor litora turpis dapibus. Imperdiet cursus odio tortor in elementum. Egestas nunc eleifend feugiat lectus laoreet, vel nunc taciti integer cras. Hac pede dis, praesent nibh ac dui mauris sit. A nullam ut, tempus nulla. Rutrum orci sit commodo vivamus quam adipiscing, ullamcorper magna donec integer eget mauris quisque.[\/vc_column_text][\/vc_tta_section][\/vc_tta_accordion][\/vc_column][vc_column offset=&#8221;vc_col-lg-6 vc_col-md-6&#8243; el_class=&#8221;about-testimonial&#8221;][vc_column_text]<\/p>\n<h3>What Our Customers Says ?<\/h3>\n<p>[\/vc_column_text][vc_row_inner css=&#8221;.vc_custom_1532501052060{margin-bottom: 0px !important;}&#8221;][vc_column_inner]<div class=\"testimonials-wrapper navigation-style2 style1\" data-navigation=0 data-pagination=1 data-speed=500 data-loop=0 data-auto=0>\t\t<div class=\"widget widget_woothemes_testimonials\">\n<div class=\"testimonials component effect-fade\">\n<div class=\"testimonials-list\">\n<div id=\"quote-308\" class=\"quote first\" itemprop=\"review\" itemscope itemtype=\"http:\/\/schema.org\/Review\"><blockquote class=\"testimonials-text\" itemprop=\"reviewBody\"><p>\t\t\t\tThese guys have been absolutely outstanding. Perfect Themes and the best of all that you have many options to choose! Best Support team ever! Very fast responding! Thank you very much! I highly recommend this theme and these people!\t\t<\/p>\n<\/blockquote><a href=\"http:\/\/roadthemes.com\/\" class=\"avatar-link\"><img width=\"150\" height=\"150\" src=\"https:\/\/villa-verde.eu\/wp-content\/uploads\/2018\/04\/testimonial3-150x150.jpg\" class=\"avatar wp-post-image\" alt=\"\" loading=\"lazy\" srcset=\"https:\/\/villa-verde.eu\/wp-content\/uploads\/2018\/04\/testimonial3-150x150.jpg 150w, https:\/\/villa-verde.eu\/wp-content\/uploads\/2018\/04\/testimonial3-300x300.jpg 300w, https:\/\/villa-verde.eu\/wp-content\/uploads\/2018\/04\/testimonial3.jpg 400w\" sizes=\"(max-width: 150px) 100vw, 150px\" \/><\/a> <cite class=\"author\" itemprop=\"author\" itemscope itemtype=\"http:\/\/schema.org\/Person\"><span itemprop=\"name\">John Sullivan<\/span> <span class=\"title\" itemprop=\"jobTitle\">Customer<\/span><!--\/.title-->\n<\/cite><!--\/.author-->\n<\/div><div id=\"quote-309\" class=\"quote\" itemprop=\"review\" itemscope itemtype=\"http:\/\/schema.org\/Review\"><blockquote class=\"testimonials-text\" itemprop=\"reviewBody\"><p>\t\t\t\tCode, template and others are very good. The support has served me immediately and solved my problems when I need help. Are to be congratulated.\t\t<\/p>\n<\/blockquote><img width=\"150\" height=\"150\" src=\"https:\/\/villa-verde.eu\/wp-content\/uploads\/2018\/04\/testimonial2-150x150.jpg\" class=\"avatar wp-post-image\" alt=\"\" loading=\"lazy\" srcset=\"https:\/\/villa-verde.eu\/wp-content\/uploads\/2018\/04\/testimonial2-150x150.jpg 150w, https:\/\/villa-verde.eu\/wp-content\/uploads\/2018\/04\/testimonial2-300x300.jpg 300w, https:\/\/villa-verde.eu\/wp-content\/uploads\/2018\/04\/testimonial2.jpg 400w\" sizes=\"(max-width: 150px) 100vw, 150px\" \/> <cite class=\"author\" itemprop=\"author\" itemscope itemtype=\"http:\/\/schema.org\/Person\"><span itemprop=\"name\">Jenifer Brown<\/span> <span class=\"title\" itemprop=\"jobTitle\">Manager of AZ<\/span><!--\/.title-->\n<\/cite><!--\/.author-->\n<\/div><div id=\"quote-1169\" class=\"quote last\" itemprop=\"review\" itemscope itemtype=\"http:\/\/schema.org\/Review\"><blockquote class=\"testimonials-text\" itemprop=\"reviewBody\"><p>\t\t\t\tSupport and response has been amazing, helping me with several issues I came across and got them solved almost the same day. A pleasure to work with them!\t\t<\/p>\n<\/blockquote><a href=\"http:\/\/roadthemes.com\/\" class=\"avatar-link\"><img width=\"150\" height=\"150\" src=\"https:\/\/villa-verde.eu\/wp-content\/uploads\/2018\/04\/testimonial1-150x150.jpg\" class=\"avatar wp-post-image\" alt=\"\" loading=\"lazy\" srcset=\"https:\/\/villa-verde.eu\/wp-content\/uploads\/2018\/04\/testimonial1-150x150.jpg 150w, https:\/\/villa-verde.eu\/wp-content\/uploads\/2018\/04\/testimonial1-300x300.jpg 300w\" sizes=\"(max-width: 150px) 100vw, 150px\" \/><\/a> <cite class=\"author\" itemprop=\"author\" itemscope itemtype=\"http:\/\/schema.org\/Person\"><span itemprop=\"name\">Kathy Young<\/span> <span class=\"title\" itemprop=\"jobTitle\">CEO of SunPark<\/span><!--\/.title-->\n<\/cite><!--\/.author-->\n<\/div><\/div><!--\/.testimonials-list-->\n<div class=\"fix\"><\/div>\n<\/div><!--\/.testimonials-->\n<\/div>\n\t\r\n\t<\/div>[\/vc_column_inner][\/vc_row_inner][\/vc_column][\/vc_row]<\/p>\n","protected":false},"excerpt":{"rendered":"<p>[vc_row el_class=&#8221;about-introduce&#8221;][vc_column][\/vc_column][\/vc_row][vc_row full_width=&#8221;stretch_row&#8221;][vc_column][vc_row_inner el_class=&#8221;about-policy fix-bottom-space&#8221;][vc_column_inner width=&#8221;1\/4&#8243; css=&#8221;.vc_custom_1612387022674{background-color: #f3f3f3 !important;}&#8221;][vc_empty_space][vc_single_image image=&#8221;1345&#8243; img_size=&#8221;90&#215;90&#8243; alignment=&#8221;center&#8221;][vc_column_text] Ingredients free from animal fat Vynakl\u00e1d\u00e1me ve\u0161ker\u00e9 \u00fasil\u00ed k tomu, aby na\u0161e v\u00fdrobky a jejich slo\u017eky nebyly zv\u00ed\u0159ec\u00edho p\u016fvodu. [\/vc_column_text][\/vc_column_inner][vc_column_inner width=&#8221;1\/4&#8243;][vc_single_image image=&#8221;1393&#8243; img_size=&#8221;full&#8221; alignment=&#8221;center&#8221;][\/vc_column_inner][vc_column_inner width=&#8221;1\/4&#8243; css=&#8221;.vc_custom_1612387028004{background-color: #f3f3f3 !important;}&#8221;][vc_empty_space][vc_single_image image=&#8221;2317&#8243; img_size=&#8221;80&#215;80&#8243; alignment=&#8221;center&#8221;][vc_column_text] Cruelty Free Netestov\u00e1no na zv\u00ed\u0159atech. [\/vc_column_text][\/vc_column_inner][vc_column_inner width=&#8221;1\/4&#8243;][vc_single_image<\/p>\n","protected":false},"author":1,"featured_media":12025,"parent":0,"menu_order":0,"comment_status":"closed","ping_status":"closed","template":"","meta":[],"_links":{"self":[{"href":"https:\/\/villa-verde.eu\/cs\/wp-json\/wp\/v2\/pages\/12024"}],"collection":[{"href":"https:\/\/villa-verde.eu\/cs\/wp-json\/wp\/v2\/pages"}],"about":[{"href":"https:\/\/villa-verde.eu\/cs\/wp-json\/wp\/v2\/types\/page"}],"author":[{"embeddable":true,"href":"https:\/\/villa-verde.eu\/cs\/wp-json\/wp\/v2\/users\/1"}],"replies":[{"embeddable":true,"href":"https:\/\/villa-verde.eu\/cs\/wp-json\/wp\/v2\/comments?post=12024"}],"version-history":[{"count":2,"href":"https:\/\/villa-verde.eu\/cs\/wp-json\/wp\/v2\/pages\/12024\/revisions"}],"predecessor-version":[{"id":12072,"href":"https:\/\/villa-verde.eu\/cs\/wp-json\/wp\/v2\/pages\/12024\/revisions\/12072"}],"wp:featuredmedia":[{"embeddable":true,"href":"https:\/\/villa-verde.eu\/cs\/wp-json\/wp\/v2\/media\/12025"}],"wp:attachment":[{"href":"https:\/\/villa-verde.eu\/cs\/wp-json\/wp\/v2\/media?parent=12024"}],"curies":[{"name":"wp","href":"https:\/\/api.w.org\/{rel}","templated":true}]}}