{"id":11980,"date":"2021-03-03T07:59:12","date_gmt":"2021-03-03T07:59:12","guid":{"rendered":"https:\/\/villa-verde.eu\/eco-candle\/"},"modified":"2022-03-03T07:13:35","modified_gmt":"2022-03-03T07:13:35","slug":"eco-candle","status":"publish","type":"page","link":"https:\/\/villa-verde.eu\/cs\/eco-candle\/","title":{"rendered":"Eco Candle Light"},"content":{"rendered":"<p>[vc_row][vc_column][vc_row_inner css=&#8221;.vc_custom_1616278555348{margin-top: -50px !important;}&#8221;][vc_column_inner width=&#8221;3\/6&#8243;][vc_single_image image=&#8221;2124&#8243; img_size=&#8221;full&#8221; alignment=&#8221;center&#8221; css=&#8221;.vc_custom_1616278144938{margin-top: 50px !important;}&#8221;][\/vc_column_inner][vc_column_inner width=&#8221;1\/6&#8243;][vc_single_image image=&#8221;2088&#8243; img_size=&#8221;full&#8221; alignment=&#8221;center&#8221; css_animation=&#8221;flipInX&#8221; css=&#8221;.vc_custom_1616279934202{margin-top: 70px !important;}&#8221;][\/vc_column_inner][vc_column_inner width=&#8221;1\/6&#8243;][vc_single_image image=&#8221;11986&#8243; img_size=&#8221;170&#215;230&#8243; alignment=&#8221;center&#8221; css_animation=&#8221;slideInRight&#8221; css=&#8221;.vc_custom_1646230316877{margin-top: 30px !important;}&#8221;][\/vc_column_inner][\/vc_row_inner][vc_row_inner][vc_column_inner width=&#8221;2\/5&#8243;][\/vc_column_inner][vc_column_inner width=&#8221;3\/5&#8243;][vc_column_text css=&#8221;.vc_custom_1646033987621{margin-top: -120px !important;}&#8221;]<span style=\"font-size: 40px; color: #008037;\"><strong><span style=\"color: #008037; font-size: 40px;\">ZAM\u011a\u0158UJEME NA EKOLOGII<\/span><\/strong><\/span><span style=\"color: #008037; font-size: 24px;\"><br \/>\nN\u00e1\u0161 syst\u00e9m dopl\u0148ov\u00e1n\u00ed<br \/>\numo\u017e\u0148uje pou\u017e\u00edt stejn\u00fd \u0161\u00e1lek v\u00edcekr\u00e1t<\/span>[\/vc_column_text][\/vc_column_inner][\/vc_row_inner][vc_column_text css_animation=&#8221;fadeInDown&#8221; css=&#8221;.vc_custom_1616280039651{margin-top: -20px !important;}&#8221;]<\/p>\n<p class=\"_04xlpA direction-ltr align-center para-style-body\" style=\"text-align: center;\"><span style=\"font-size: 40px;\"><em><span style=\"font-family: 'times new roman', times, serif;\"><span style=\"color: #000000;\"><span class=\"JsGRdQ\">Stay <\/span><\/span><strong><span style=\"color: #000000;\"><span class=\"JsGRdQ\">Eco<\/span><span class=\"JsGRdQ\">. <\/span><\/span><\/strong><span style=\"color: #000000;\"><span class=\"JsGRdQ\">Be<\/span><\/span><strong><span style=\"color: #000000;\"><span class=\"JsGRdQ\"> Eco.<br \/>\n<\/span><\/span><\/strong><span style=\"color: #000000;\"><span class=\"JsGRdQ\"><span style=\"color: #000000;\">Chose<\/span><\/span><\/span><strong><span style=\"color: #000000;\"><span class=\"JsGRdQ\"><span style=\"color: #000000;\"> <span style=\"color: #008037; font-size: 40px;\">Eco<\/span><\/span><span style=\"color: #ffc90f;\"><span style=\"color: #000000;\">\u00a0Candle <\/span><\/span><\/span><\/span><span class=\"JsGRdQ\" style=\"color: #ffc90f;\">Light<\/span><\/strong><\/span><\/em><\/span><\/p>\n<p>[\/vc_column_text][vc_separator color=&#8221;green&#8221; border_width=&#8221;2&#8243; el_width=&#8221;70&#8243;][vc_tta_tabs style=&#8221;flat&#8221; color=&#8221;purple&#8221; alignment=&#8221;center&#8221; active_section=&#8221;1&#8243;][vc_tta_section title=&#8221;V\u0161e&#8221; tab_id=&#8221;1615314525859-79fcf09b-9a58&#8243;]<div class=\"woocommerce columns-4 \"><\/div>[\/vc_tta_section][vc_tta_section title=&#8221;18 hodinov\u00e9&#8221; tab_id=&#8221;1615314461367-93d2367a-d394&#8243;]<div class=\"woocommerce columns-4 \"><\/div>[\/vc_tta_section][vc_tta_section title=&#8221;12 hodinov\u00e9&#8221; tab_id=&#8221;1615314461383-08345a3b-6921&#8243;]<div class=\"woocommerce columns-4 \"><\/div>[\/vc_tta_section][vc_tta_section title=&#8221;6 hodinov\u00e9&#8221; tab_id=&#8221;1615314501731-519d6773-8bc3&#8243;]<div class=\"woocommerce columns-4 \"><\/div>[\/vc_tta_section][\/vc_tta_tabs][\/vc_column][vc_column][\/vc_column][\/vc_row][vc_row][vc_column][\/vc_column][\/vc_row]<\/p>\n","protected":false},"excerpt":{"rendered":"<p>[vc_row][vc_column][vc_row_inner css=&#8221;.vc_custom_1616278555348{margin-top: -50px !important;}&#8221;][vc_column_inner width=&#8221;3\/6&#8243;][vc_single_image image=&#8221;2124&#8243; img_size=&#8221;full&#8221; alignment=&#8221;center&#8221; css=&#8221;.vc_custom_1616278144938{margin-top: 50px !important;}&#8221;][\/vc_column_inner][vc_column_inner width=&#8221;1\/6&#8243;][vc_single_image image=&#8221;2088&#8243; img_size=&#8221;full&#8221; alignment=&#8221;center&#8221; css_animation=&#8221;flipInX&#8221; css=&#8221;.vc_custom_1616279934202{margin-top: 70px !important;}&#8221;][\/vc_column_inner][vc_column_inner width=&#8221;1\/6&#8243;][vc_single_image image=&#8221;11986&#8243; img_size=&#8221;170&#215;230&#8243; alignment=&#8221;center&#8221; css_animation=&#8221;slideInRight&#8221; css=&#8221;.vc_custom_1646230316877{margin-top: 30px !important;}&#8221;][\/vc_column_inner][\/vc_row_inner][vc_row_inner][vc_column_inner width=&#8221;2\/5&#8243;][\/vc_column_inner][vc_column_inner width=&#8221;3\/5&#8243;][vc_column_text css=&#8221;.vc_custom_1646033987621{margin-top: -120px !important;}&#8221;]ZAM\u011a\u0158UJEME NA EKOLOGII N\u00e1\u0161 syst\u00e9m dopl\u0148ov\u00e1n\u00ed umo\u017e\u0148uje pou\u017e\u00edt stejn\u00fd \u0161\u00e1lek v\u00edcekr\u00e1t[\/vc_column_text][\/vc_column_inner][\/vc_row_inner][vc_column_text css_animation=&#8221;fadeInDown&#8221; css=&#8221;.vc_custom_1616280039651{margin-top: -20px !important;}&#8221;] Stay Eco. Be Eco.<\/p>\n","protected":false},"author":1,"featured_media":0,"parent":0,"menu_order":0,"comment_status":"closed","ping_status":"closed","template":"","meta":[],"_links":{"self":[{"href":"https:\/\/villa-verde.eu\/cs\/wp-json\/wp\/v2\/pages\/11980"}],"collection":[{"href":"https:\/\/villa-verde.eu\/cs\/wp-json\/wp\/v2\/pages"}],"about":[{"href":"https:\/\/villa-verde.eu\/cs\/wp-json\/wp\/v2\/types\/page"}],"author":[{"embeddable":true,"href":"https:\/\/villa-verde.eu\/cs\/wp-json\/wp\/v2\/users\/1"}],"replies":[{"embeddable":true,"href":"https:\/\/villa-verde.eu\/cs\/wp-json\/wp\/v2\/comments?post=11980"}],"version-history":[{"count":3,"href":"https:\/\/villa-verde.eu\/cs\/wp-json\/wp\/v2\/pages\/11980\/revisions"}],"predecessor-version":[{"id":12519,"href":"https:\/\/villa-verde.eu\/cs\/wp-json\/wp\/v2\/pages\/11980\/revisions\/12519"}],"wp:attachment":[{"href":"https:\/\/villa-verde.eu\/cs\/wp-json\/wp\/v2\/media?parent=11980"}],"curies":[{"name":"wp","href":"https:\/\/api.w.org\/{rel}","templated":true}]}}